{"id":91,"date":"2020-10-08T22:42:35","date_gmt":"2020-10-08T20:42:35","guid":{"rendered":"http:\/\/lafajod.cluster023.hosting.ovh.net\/?page_id=91"},"modified":"2023-10-17T09:33:35","modified_gmt":"2023-10-17T07:33:35","slug":"commerces-et-services","status":"publish","type":"page","link":"https:\/\/lafajolle.fr\/index.php\/commerces-et-services\/","title":{"rendered":"Services"},"content":{"rendered":"<p style=\"text-align: center;\"><span style=\"font-family: verdana, geneva, sans-serif; font-size: 14px;\"><img loading=\"lazy\" decoding=\"async\" class=\" wp-image-1018 alignleft\" src=\"https:\/\/lafajolle.fr\/wp-content\/uploads\/2021\/03\/DSC_0674-137x300.jpg\" alt=\"\" width=\"195\" height=\"427\" srcset=\"https:\/\/lafajolle.fr\/wp-content\/uploads\/2021\/03\/DSC_0674-137x300.jpg 137w, https:\/\/lafajolle.fr\/wp-content\/uploads\/2021\/03\/DSC_0674-466x1024.jpg 466w, https:\/\/lafajolle.fr\/wp-content\/uploads\/2021\/03\/DSC_0674-768x1687.jpg 768w, https:\/\/lafajolle.fr\/wp-content\/uploads\/2021\/03\/DSC_0674-699x1536.jpg 699w, https:\/\/lafajolle.fr\/wp-content\/uploads\/2021\/03\/DSC_0674-933x2048.jpg 933w, https:\/\/lafajolle.fr\/wp-content\/uploads\/2021\/03\/DSC_0674-900x1977.jpg 900w, https:\/\/lafajolle.fr\/wp-content\/uploads\/2021\/03\/DSC_0674-1280x2811.jpg 1280w, https:\/\/lafajolle.fr\/wp-content\/uploads\/2021\/03\/DSC_0674-scaled.jpg 1166w\" sizes=\"auto, (max-width: 195px) 100vw, 195px\" \/><\/span><\/p>\n<p style=\"text-align: center;\"><span style=\"font-size: 14px;\">\u00a0<strong><span style=\"font-family: verdana, geneva, sans-serif; font-size: 16px;\">PERMANENCES DE L&rsquo;ADIL :<\/span><\/strong> <video controls=\"controls\" width=\"300\" height=\"150\"><source src=\"https:\/\/lafajolle.fr\/wp-content\/uploads\/2023\/10\/permanences-ADIL-23-10-23.pdf\" \/><\/video><\/span><\/p>\n<p>&nbsp;<\/p>\n<p style=\"text-align: center;\"><span style=\"font-family: verdana, geneva, sans-serif;\"><strong><span style=\"font-size: 18pt;\">Tourn\u00e9es des commer\u00e7ants \u00e0 La Fajolle (face \u00e0 l&rsquo;\u00e9glise) :\u00a0<\/span><\/strong><\/span><\/p>\n<p><span style=\"font-size: 20px;\"><strong><span style=\"font-family: verdana, geneva, sans-serif;\">Boulangerie : \u00e0 partir du 5 octobre 2023, tourn\u00e9es tous les mercredi et samedi\u00a0<\/span><\/strong><\/span><\/p>\n<p><span style=\"font-family: verdana, geneva, sans-serif;\"><strong><span style=\"font-size: 14pt;\">Boucherie Artigues : livraison le samedi apr\u00e8s-midi sur commande<\/span><\/strong><\/span><\/p>\n<p><span style=\"font-size: 14pt; font-family: verdana, geneva, sans-serif;\"><span style=\"font-size: 18.6667px;\"><b>\u00c9picerie<\/b><\/span><strong style=\"font-size: 14pt;\">\u00a0Quincaillerie d&rsquo;Espezel : livraison sur commande (gratuite \u00e0 partir de 30\u20ac)<\/strong><\/span><\/p>\n<p style=\"text-align: center;\"><span style=\"font-family: verdana, geneva, sans-serif;\"><strong><span style=\"font-size: 18pt;\">Commerces et services alentours :\u00a0<\/span><\/strong><\/span><\/p>\n<p><span style=\"font-family: verdana, geneva, sans-serif;\"><strong>Pharmacie d&rsquo;Espezel<\/strong> :\u00a0<span class=\"w8qArf\"><a class=\"fl\" href=\"https:\/\/www.google.fr\/search?sxsrf=ALeKk01u-fbOrvBvMF1ZoHjlUwGR3BtQVg:1603000721719&amp;q=pharmacie+du+pays+de+sault+espezel+t%C3%A9l%C3%A9phone&amp;ludocid=5045620796634968058&amp;sa=X&amp;ved=2ahUKEwiZxd6Eu73sAhWE3OAKHfuAB_oQ6BMwE3oECBwQAg\" data-ved=\"2ahUKEwiZxd6Eu73sAhWE3OAKHfuAB_oQ6BMwE3oECBwQAg\">T\u00e9l\u00e9phone<\/a>\u00a0:\u00a0<\/span><span class=\"LrzXr zdqRlf kno-fv\"><a href=\"https:\/\/www.google.fr\/search?sxsrf=ALeKk00jydPFOfC3m0z0-A1VVOBtAgMCcg%3A1603000716292&amp;source=hp&amp;ei=jNmLX93vDqiHjLsPrfmrgA4&amp;q=pharmacie+espezel&amp;oq=pharma&amp;gs_lcp=CgZwc3ktYWIQARgAMgQIIxAnMgcIABCxAxBDMgQIABBDMgQIABBDMgUIABCxAzIFCAAQsQMyAggAMgIIADIFCAAQsQMyAggAOggIABCxAxCDAToGCAAQChBDOggILhCxAxCDAToHCC4QsQMQQzoFCC4QsQM6CggAELEDEIMBEENQrgtY7BRgziZoAHAAeACAAWGIAZQEkgEBNpgBAKABAaoBB2d3cy13aXo&amp;sclient=psy-ab#\" data-dtype=\"d3ifr\" data-local-attribute=\"d3ph\" data-jsdata=\"\" data-ved=\"2ahUKEwiZxd6Eu73sAhWE3OAKHfuAB_oQkAgoADATegQIHBAD\"><span role=\"link\" aria-label=\"Appeler le 04 68 20 30 08\">04 68 20 30 08<\/span><\/a><\/span><\/span><br \/>\n<span style=\"font-family: verdana, geneva, sans-serif;\"><a href=\"https:\/\/pharmaciedupaysdesault.site-solocal.com\"><span style=\"font-size: 1rem;\">https:\/\/pharmaciedupaysdesault.site-solocal.com<\/span><\/a><\/span><\/p>\n<p><span style=\"font-family: verdana, geneva, sans-serif;\"><strong>Boulangerie d&rsquo;Espezel<\/strong> : <span class=\"w8qArf\"><a class=\"fl\" href=\"https:\/\/www.google.fr\/search?sxsrf=ALeKk02DujYJXxqaUMdBAVnlr0IeZ5SAXQ:1603000810458&amp;q=fournil+traditionnel+du+pays+de+sault+espezel+t%C3%A9l%C3%A9phone&amp;ludocid=9853939768520889376&amp;sa=X&amp;ved=2ahUKEwjA3Yavu73sAhWKA2MBHfm0DJcQ6BMwE3oECBsQAg\" data-ved=\"2ahUKEwjA3Yavu73sAhWKA2MBHfm0DJcQ6BMwE3oECBsQAg\">T\u00e9l\u00e9phone<\/a>\u00a0:\u00a0<\/span><span class=\"LrzXr zdqRlf kno-fv\"><a href=\"https:\/\/www.google.fr\/search?sxsrf=ALeKk01d0Q7kK1Bu5NrXu7XYYl2m_d0cMA%3A1603000774264&amp;ei=xtmLX_PPD6CfjLsP8OqFmAI&amp;q=boulangerie+espezel&amp;oq=boulangerie+espezel&amp;gs_lcp=CgZwc3ktYWIQAzIECCMQJzIGCAAQFhAeOgIIAFC-_QFYlooCYKWSAmgAcAB4AIABWogBqAWSAQE4mAEAoAEBqgEHZ3dzLXdpesABAQ&amp;sclient=psy-ab&amp;ved=0ahUKEwjzyuWdu73sAhWgD2MBHXB1ASMQ4dUDCA0&amp;uact=5#\" data-dtype=\"d3ifr\" data-local-attribute=\"d3ph\" data-jsdata=\"\" data-ved=\"2ahUKEwjA3Yavu73sAhWKA2MBHfm0DJcQkAgoADATegQIGxAD\"><span role=\"link\" aria-label=\"Appeler le 06 40 53 07 05\">06 40 53 07 05<\/span><\/a><\/span><\/span><br \/>\n<span style=\"font-family: verdana, geneva, sans-serif;\"><a href=\"https:\/\/fr-fr.facebook.com\/Lefournildupaysdesault\">https:\/\/fr-fr.facebook.com\/Lefournildupaysdesault<\/a><\/span><\/p>\n<p><span style=\"font-family: verdana, geneva, sans-serif;\"><strong>Tabac-Presse d&rsquo;Espezel (d\u00e9p\u00f4t de pain, retrait cash)<\/strong>\u00a0: <span class=\"w8qArf\"><a class=\"fl\" href=\"https:\/\/www.google.fr\/search?sxsrf=ALeKk00wddIJHfLCLOS9jriDy3YTyitBcA:1603000838367&amp;q=tabac+presse+loto+-+chez+sharon+espezel+t%C3%A9l%C3%A9phone&amp;ludocid=12685959813493329139&amp;sa=X&amp;ved=2ahUKEwi8ja68u73sAhV75-AKHSLkDd0Q6BMwFHoECB4QAg\" data-ved=\"2ahUKEwi8ja68u73sAhV75-AKHSLkDd0Q6BMwFHoECB4QAg\">T\u00e9l\u00e9phone<\/a>\u00a0:\u00a0<\/span><span class=\"LrzXr zdqRlf kno-fv\"><a href=\"https:\/\/www.google.fr\/search?sxsrf=ALeKk02DujYJXxqaUMdBAVnlr0IeZ5SAXQ%3A1603000810458&amp;ei=6tmLX8DAG4qHjLsP-emyuAk&amp;q=tabac+presse+espezel&amp;oq=tabac+presse+espezel&amp;gs_lcp=CgZwc3ktYWIQAzIECCMQJzICCCY6BggAEAcQHjoICAAQCBAHEB46CAgAEAcQBRAeOgQIABANOgIIADoGCAAQBRAeOgUIABDNAlD3tAFYhcoBYP7TAWgAcAB4AIABaYgBhgiSAQQxMS4xmAEAoAEBqgEHZ3dzLXdpesABAQ&amp;sclient=psy-ab&amp;ved=0ahUKEwjA3Yavu73sAhWKA2MBHfm0DJcQ4dUDCA0&amp;uact=5#\" data-dtype=\"d3ifr\" data-local-attribute=\"d3ph\" data-jsdata=\"\" data-ved=\"2ahUKEwi8ja68u73sAhV75-AKHSLkDd0QkAgoADAUegQIHhAD\"><span role=\"link\" aria-label=\"Appeler le 04 68 69 03 04\">04 68 69 03 04<\/span><\/a><\/span><\/span><br \/>\n<span style=\"font-family: verdana, geneva, sans-serif;\"><a href=\"https:\/\/www.facebook.com\/ChezSharonEspezel\">https:\/\/www.facebook.com\/ChezSharonEspezel<\/a>\/<\/span><\/p>\n<p><span style=\"font-family: verdana, geneva, sans-serif;\"><strong>Boucherie Charcuterie d&rsquo;Espezel<\/strong> : Boucherie Charcuterie Jacques POUX Grand Rue &#8211; Ouvert les mardis et dimanches matin<\/span><br \/>\n<span style=\"font-family: verdana, geneva, sans-serif;\">t\u00e9l :\u00a0 <a class=\"\" href=\"tel:+33 4 68 20 75 27\">04 68 20 75 27<\/a><\/span><\/p>\n<p><span style=\"font-family: verdana, geneva, sans-serif;\"><strong>Boucherie Charcuterie de Belcaire<\/strong> : Boucherie Charcuterie ARTIGUES <span class=\"w8qArf\"><a class=\"fl\" href=\"https:\/\/www.google.fr\/search?sxsrf=ALeKk00ibzoGZlw6OJ9rWE4xgK7Gw9wFQw:1603000871781&amp;q=boucherie+charcuterie+artigues+jean+francois+belcaire+t%C3%A9l%C3%A9phone&amp;ludocid=18198642669144775904&amp;sa=X&amp;ved=2ahUKEwiKx6XMu73sAhWSDxQKHZSzBo0Q6BMwE3oECB0QAg\" data-ved=\"2ahUKEwiKx6XMu73sAhWSDxQKHZSzBo0Q6BMwE3oECB0QAg\">T\u00e9l\u00e9phone<\/a>\u00a0:\u00a0<\/span><span class=\"LrzXr zdqRlf kno-fv\"><a href=\"https:\/\/www.google.fr\/search?sxsrf=ALeKk00wddIJHfLCLOS9jriDy3YTyitBcA%3A1603000838367&amp;ei=BtqLX7zyFfvOgweiyLfoDQ&amp;q=boucherie+artigues+belcaire&amp;oq=boucherie+ar&amp;gs_lcp=CgZwc3ktYWIQARgAMgQIIxAnMgQIIxAnMgIIADICCAAyAggAMgIIADICCAAyAggAMgIIADICCAA6BAgAEEM6BQgAELEDOgoIABCxAxAUEIcCOggIABCxAxCDAToECC4QQzoHCAAQsQMQQzoFCC4QsQNQv9kBWIbsAWC0_QFoAHAAeACAAV6IAeYHkgECMTKYAQCgAQGqAQdnd3Mtd2l6wAEB&amp;sclient=psy-ab#\" data-dtype=\"d3ifr\" data-local-attribute=\"d3ph\" data-jsdata=\"\" data-ved=\"2ahUKEwiKx6XMu73sAhWSDxQKHZSzBo0QkAgoADATegQIHRAD\"><span role=\"link\" aria-label=\"Appeler le 04 68 20 31 28\">04 68 20 31 28<\/span><\/a><\/span><\/span><br \/>\n<span style=\"font-family: verdana, geneva, sans-serif;\"><a href=\"http:\/\/www.boucherie-charcuterie-artigues.fr\">http:\/\/www.boucherie-charcuterie-artigues.fr<\/a>\/<\/span><\/p>\n<p><span style=\"font-family: verdana, geneva, sans-serif;\"><b>\u00c9picerie<\/b><strong>\u00a0Quincaillerie Espezel<\/strong> : <span class=\"w8qArf\"><a class=\"fl\" href=\"https:\/\/www.google.fr\/search?sxsrf=ALeKk02hp7C1vP12tyAE58sllD0tF8FJGQ:1603000914903&amp;q=epicerie+du+village+espezel+t%C3%A9l%C3%A9phone&amp;ludocid=4560725768820722249&amp;sa=X&amp;ved=2ahUKEwimyd7gu73sAhUc7eAKHS7mC3kQ6BMwB3oECAsQFQ\" data-ved=\"2ahUKEwimyd7gu73sAhUc7eAKHS7mC3kQ6BMwB3oECAsQFQ\">T\u00e9l\u00e9phone<\/a>\u00a0:\u00a0<\/span><span class=\"LrzXr zdqRlf kno-fv\"><a href=\"https:\/\/www.google.fr\/search?sxsrf=ALeKk02vrgu-I8GigmOpCAtnUoEdGh91Mw:1603000898454&amp;ei=J9qLX8qXL5KfUJTnmugI&amp;q=%C3%A9picerie%20espezel&amp;oq=%C3%A9picerie+espezel&amp;gs_lcp=CgZwc3ktYWIQAzICCAAyBggAEBYQHjoFCC4QsQM6BQgAELEDOggIABCxAxCDAToHCAAQsQMQQzoECAAQQzoICAAQFhAKEB46BQghEKABOgQIABANOgYIABANEB46CAgAEAgQDRAeUNCCAVjjwgFglMkBaAVwAHgAgAF_iAGWDpIBBDE5LjKYAQCgAQGqAQdnd3Mtd2l6wAEB&amp;sclient=psy-ab&amp;ved=2ahUKEwiUzYHZu73sAhWaD2MBHV9yACAQvS4wBnoECAIQNw&amp;uact=5&amp;npsic=0&amp;rflfq=1&amp;rlha=0&amp;rllag=42822665,2021247,163&amp;tbm=lcl&amp;rldimm=4560725768820722249&amp;lqi=ChHDqXBpY2VyaWUgZXNwZXplbFoeCgnDqXBpY2VyaWUiEcOpcGljZXJpZSBlc3BlemVs&amp;phdesc=MrSTYrA4PnA&amp;rldoc=1&amp;tbs=lrf:!1m4!1u3!2m2!3m1!1e1!1m4!1u2!2m2!2m1!1e1!2m1!1e2!2m1!1e3!3sIAE,lf:1,lf_ui:10&amp;rlst=f#\" data-dtype=\"d3ifr\" data-local-attribute=\"d3ph\" data-jsdata=\"\" data-ved=\"2ahUKEwimyd7gu73sAhUc7eAKHS7mC3kQkAgoADAHegQICxAW\"><span role=\"link\" aria-label=\"Appeler le 04 68 20 30 33\">04 68 20 30 33<\/span><\/a><\/span><\/span><br \/>\n<span style=\"font-family: verdana, geneva, sans-serif;\"><a href=\"https:\/\/www.facebook.com\/epiceriequincaillerieduvillage\">https:\/\/www.facebook.com\/epiceriequincaillerieduvillage<\/a>\/<\/span><\/p>\n<p><span style=\"font-family: verdana, geneva, sans-serif;\"><b>\u00c9picerie<\/b><strong>\u00a0Belcaire<\/strong> : <span class=\"w8qArf\"><a class=\"fl\" href=\"https:\/\/www.google.fr\/search?sxsrf=ALeKk003j7PF6O1vaFs7Q1BUF5VQ9c5Byg:1603000978164&amp;q=joce+belcaire+t%C3%A9l%C3%A9phone&amp;ludocid=703543287435875116&amp;sa=X&amp;ved=2ahUKEwjDlvb-u73sAhVLcBQKHeeqDWAQ6BMwBnoECAwQCg\" data-ved=\"2ahUKEwjDlvb-u73sAhVLcBQKHeeqDWAQ6BMwBnoECAwQCg\">T\u00e9l\u00e9phone<\/a>\u00a0:\u00a0<\/span><span class=\"LrzXr zdqRlf kno-fv\"><a href=\"https:\/\/www.google.fr\/search?sxsrf=ALeKk034AdUkuDeTKXhjoa-oFDFOMVOe1A:1603000967092&amp;q=%C3%A9picerie%20belcaire&amp;sa=X&amp;ved=2ahUKEwjH-975u73sAhVXA2MBHWX5Bo8QvS4wBnoECAIQKQ&amp;biw=1920&amp;bih=937&amp;dpr=1&amp;npsic=0&amp;rflfq=1&amp;rlha=0&amp;rllag=42819194,1962944,266&amp;tbm=lcl&amp;rldimm=703543287435875116&amp;lqi=ChLDqXBpY2VyaWUgYmVsY2FpcmVaHwoJw6lwaWNlcmllIhLDqXBpY2VyaWUgYmVsY2FpcmU&amp;phdesc=xHk8OSnaR3g&amp;rldoc=1&amp;tbs=lrf:!1m4!1u2!2m2!2m1!1e1!2m1!1e2!3sIAE,lf:1,lf_ui:10&amp;rlst=f#\" data-dtype=\"d3ifr\" data-local-attribute=\"d3ph\" data-jsdata=\"\" data-ved=\"2ahUKEwjDlvb-u73sAhVLcBQKHeeqDWAQkAgoADAGegQIDBAL\"><span role=\"link\" aria-label=\"Appeler le 04 68 74 14 90\">04 68 74 14 90<\/span><\/a><\/span><\/span><br \/>\n<span style=\"font-family: verdana, geneva, sans-serif;\"><a href=\"https:\/\/fr-fr.facebook.com\/pages\/category\/Grocery-Store\/Utile-Belcaire-253370421454334\">https:\/\/fr-fr.facebook.com\/pages\/category\/Grocery-Store\/Utile-Belcaire-253370421454334<\/a>\/<\/span><\/p>\n<p><strong><span style=\"font-family: verdana, geneva, sans-serif;\">Fromages de ch\u00e8vre Belvis, \u00ab\u00a0les 3 clochettes\u00a0\u00bb<\/span><\/strong> :\u00a0 <a href=\"Tel.%20: +33 4 68 20 77 10\"><span style=\"font-family: verdana, geneva, sans-serif;\">T\u00e9l\u00e9phone : 04 68 20 77 10<\/span><\/a><\/p>\n<p><a href=\"https:\/\/www.tousvoisins.fr\/belvis\/649794-braekevelt-ruddy\"><span style=\"font-family: verdana, geneva, sans-serif;\">Ruddy Braekevelt<\/span><\/a><\/p>\n<p><span style=\"font-family: verdana, geneva, sans-serif;\"><strong>Scierie de Belfort sur Rebenty<\/strong> : <span class=\"w8qArf\"><a class=\"fl\" href=\"https:\/\/www.google.fr\/search?sxsrf=ALeKk033bApaUaCOoOodiSLQJq2lZmavSw:1603001078516&amp;q=scierie+du+pays+de+sault+t%C3%A9l%C3%A9phone&amp;ludocid=12137187978071257098&amp;sa=X&amp;ved=2ahUKEwj5peOuvL3sAhUE4BoKHb-4AboQ6BMwBnoECAwQCg\" data-ved=\"2ahUKEwj5peOuvL3sAhUE4BoKHb-4AboQ6BMwBnoECAwQCg\">T\u00e9l\u00e9phone<\/a>\u00a0:\u00a0<\/span><span class=\"LrzXr zdqRlf kno-fv\"><a href=\"https:\/\/www.google.fr\/search?biw=1920&amp;bih=937&amp;tbm=lcl&amp;sxsrf=ALeKk02eMLsZlpu3v7zt4zEh1APllcggpA%3A1603001018376&amp;ei=utqLX7_HFs2oa6-UorgL&amp;q=scierie+belfort+sur+rebenty&amp;oq=scierie+&amp;gs_l=psy-ab.1.0.35i39k1j0l9.54111.55698.0.57999.8.8.0.0.0.0.154.870.1j7.8.0....0...1c.1.64.psy-ab..0.8.867...46j0i433i131k1j0i433k1j0i67k1j46i433k1j46i433i131k1.0.jXaVn5EEqaM#\" data-dtype=\"d3ifr\" data-local-attribute=\"d3ph\" data-jsdata=\"\" data-ved=\"2ahUKEwj5peOuvL3sAhUE4BoKHb-4AboQkAgoADAGegQIDBAL\"><span role=\"link\" aria-label=\"Appeler le 06 47 59 63 43\">06 47 59 63 43<\/span><\/a><\/span><\/span><br \/>\n<span style=\"font-family: verdana, geneva, sans-serif;\"><a href=\"https:\/\/fr-fr.facebook.com\/pages\/category\/Industrial-Company\/Scierie-Du-Pays-De-Sault-237481336793740\">https:\/\/fr-fr.facebook.com\/pages\/category\/Industrial-Company\/Scierie-Du-Pays-De-Sault-237481336793740<\/a>\/<\/span><\/p>\n<p><span style=\"font-family: verdana, geneva, sans-serif;\"><strong>Jeux et jouets en bois\u00a0<\/strong> : Fran\u00e7ois Bormans &#8211; Galinagues &#8211; t\u00e9l\u00e9phone : 06 76 07 69 67<\/span><\/p>\n<p><span style=\"font-family: verdana, geneva, sans-serif;\"><a href=\"https:\/\/sites.google.com\/site\/jeuxetjouetsbois\/home\/\">https:\/\/sites.google.com\/site\/jeuxetjouetsbois\/home\/<\/a><\/span><\/p>\n<p><span style=\"font-family: verdana, geneva, sans-serif;\"><strong>M\u00e9diath\u00e8que d&rsquo;Espezel<\/strong> : T\u00e9l\u00e9phone : 04 68 74 38 93<\/span><\/p>\n<p><span style=\"font-family: verdana, geneva, sans-serif;\"><a href=\"http:\/\/blogmediapds.blogspot.fr\/\">M\u00e9diath\u00e8que d&rsquo;Espezel<\/a><\/span><\/p>\n<p><a href=\"https:\/\/www.pyreneesaudoises.com\/\"><span style=\"font-family: verdana, geneva, sans-serif;\">Office de tourisme Pyr\u00e9n\u00e9es Audoises\u00a0<\/span><\/a><\/p>\n<div><strong><span style=\"font-family: verdana, geneva, sans-serif; font-size: 20px;\">une super adresse pour tous ceux qui veulent faire de la randonn\u00e9e accompagn\u00e9s : https:\/\/catharrando.fr\/\u00a0<\/span><\/strong><\/div>\n<div>\u00a0<\/div>\n<div>\u00a0<\/div>\n<div>\u00a0<\/div>\n<p>&nbsp;<\/p>\n","protected":false},"excerpt":{"rendered":"<p>\u00a0PERMANENCES DE L&rsquo;ADIL : &nbsp; Tourn\u00e9es des commer\u00e7ants \u00e0 La Fajolle (face \u00e0 l&rsquo;\u00e9glise) :\u00a0 Boulangerie : \u00e0 partir du 5 octobre 2023, tourn\u00e9es tous les mercredi et samedi\u00a0 Boucherie Artigues : livraison le samedi apr\u00e8s-midi sur commande \u00c9picerie\u00a0Quincaillerie d&rsquo;Espezel : livraison sur commande (gratuite \u00e0 partir de 30\u20ac) Commerces et services alentours :\u00a0 Pharmacie [&hellip;]<\/p>\n","protected":false},"author":1,"featured_media":0,"parent":0,"menu_order":0,"comment_status":"closed","ping_status":"closed","template":"full-width-page-template.php","meta":{"_crdt_document":"","footnotes":""},"class_list":["post-91","page","type-page","status-publish","hentry"],"_links":{"self":[{"href":"https:\/\/lafajolle.fr\/index.php\/wp-json\/wp\/v2\/pages\/91","targetHints":{"allow":["GET"]}}],"collection":[{"href":"https:\/\/lafajolle.fr\/index.php\/wp-json\/wp\/v2\/pages"}],"about":[{"href":"https:\/\/lafajolle.fr\/index.php\/wp-json\/wp\/v2\/types\/page"}],"author":[{"embeddable":true,"href":"https:\/\/lafajolle.fr\/index.php\/wp-json\/wp\/v2\/users\/1"}],"replies":[{"embeddable":true,"href":"https:\/\/lafajolle.fr\/index.php\/wp-json\/wp\/v2\/comments?post=91"}],"version-history":[{"count":41,"href":"https:\/\/lafajolle.fr\/index.php\/wp-json\/wp\/v2\/pages\/91\/revisions"}],"predecessor-version":[{"id":2246,"href":"https:\/\/lafajolle.fr\/index.php\/wp-json\/wp\/v2\/pages\/91\/revisions\/2246"}],"wp:attachment":[{"href":"https:\/\/lafajolle.fr\/index.php\/wp-json\/wp\/v2\/media?parent=91"}],"curies":[{"name":"wp","href":"https:\/\/api.w.org\/{rel}","templated":true}]}}