{"id":88,"date":"2020-10-08T22:42:13","date_gmt":"2020-10-08T20:42:13","guid":{"rendered":"http:\/\/lafajod.cluster023.hosting.ovh.net\/?page_id=88"},"modified":"2025-02-05T19:31:22","modified_gmt":"2025-02-05T18:31:22","slug":"vie-pratique-au-village","status":"publish","type":"page","link":"https:\/\/lafajolle.fr\/index.php\/vie-pratique-au-village\/","title":{"rendered":"Vie pratique"},"content":{"rendered":"<p><a href=\"https:\/\/lafajolle.fr\/wp-content\/uploads\/2025\/01\/REGLEMENT-INTERIEUR-REOM-2025-1.pdf\">R\u00e8glement int\u00e9rieur Ordures m\u00e9nag\u00e8res 2025<\/a><\/p>\n<p><a href=\"https:\/\/lafajolle.fr\/wp-content\/uploads\/2025\/01\/planning-encombrants-2025.pdf\">planning encombrants\u00a0 2025<\/a><\/p>\n<p><strong><span style=\"font-family: verdana, geneva, sans-serif; font-size: 20px;\"><img loading=\"lazy\" decoding=\"async\" class=\"alignnone  wp-image-2248\" src=\"https:\/\/lafajolle.fr\/wp-content\/uploads\/2023\/10\/reunion-28-nov-23-consignes-tri-1-212x300.jpg\" alt=\"\" width=\"381\" height=\"539\" srcset=\"https:\/\/lafajolle.fr\/wp-content\/uploads\/2023\/10\/reunion-28-nov-23-consignes-tri-1-212x300.jpg 212w, https:\/\/lafajolle.fr\/wp-content\/uploads\/2023\/10\/reunion-28-nov-23-consignes-tri-1-722x1024.jpg 722w, https:\/\/lafajolle.fr\/wp-content\/uploads\/2023\/10\/reunion-28-nov-23-consignes-tri-1-768x1089.jpg 768w, https:\/\/lafajolle.fr\/wp-content\/uploads\/2023\/10\/reunion-28-nov-23-consignes-tri-1-1083x1536.jpg 1083w, https:\/\/lafajolle.fr\/wp-content\/uploads\/2023\/10\/reunion-28-nov-23-consignes-tri-1-1444x2048.jpg 1444w, https:\/\/lafajolle.fr\/wp-content\/uploads\/2023\/10\/reunion-28-nov-23-consignes-tri-1-900x1276.jpg 900w, https:\/\/lafajolle.fr\/wp-content\/uploads\/2023\/10\/reunion-28-nov-23-consignes-tri-1-1280x1815.jpg 1280w, https:\/\/lafajolle.fr\/wp-content\/uploads\/2023\/10\/reunion-28-nov-23-consignes-tri-1.jpg 1749w\" sizes=\"auto, (max-width: 381px) 100vw, 381px\" \/><\/span><\/strong><\/p>\n<p><strong><span style=\"font-family: verdana, geneva, sans-serif; font-size: 20px;\">VOICI DES INFORMATIONS RELATIVES \u00e0 LA COLLECTE DES ENCOMBRANTS :<\/span><\/strong><\/p>\n<p>https:\/\/lafajolle.fr\/wp-content\/uploads\/2023\/09\/ENCOMBRANTS-2023-Belvis-etc.pdf<\/p>\n<p>https:\/\/lafajolle.fr\/wp-content\/uploads\/2023\/09\/Communication-Encombrants.pdf<\/p>\n<p>https:\/\/lafajolle.fr\/wp-content\/uploads\/2023\/09\/Fiche-de-collecte-Encombrant-VIERGE-.pdf<\/p>\n<p><span style=\"font-family: verdana, geneva, sans-serif;\"><strong><span style=\"font-size: 20px;\">UN VILLAGE PROPRE C&rsquo;EST L&rsquo;AFFAIRE DE TOUS\u00a0<\/span><\/strong><\/span><\/p>\n<p><span style=\"font-family: verdana, geneva, sans-serif;\">Amis Fajolaises, amis Fajolois, amis visiteurs,<\/span><\/p>\n<p><span style=\"font-family: verdana, geneva, sans-serif;\">Vous avez pu constater les efforts que tous ensemble nous avons consenti pour rendre notre village agr\u00e9able et un endroit o\u00f9 il fait bon vivre.<\/span><\/p>\n<p><span style=\"font-family: verdana, geneva, sans-serif;\">Nous continuerons dans cette direction puisque nous sommes dans le vrai pour le mieux vivre dans ce vingt et uni\u00e8me si\u00e8cle si troubl\u00e9.<\/span><\/p>\n<p><span style=\"font-family: verdana, geneva, sans-serif;\">Cependant il y a une petite ombre au tableau\u00a0;<\/span><\/p>\n<p><span style=\"font-family: verdana, geneva, sans-serif;\">Nos amis les chiens qui fr\u00e9quentent le village ne connaissent pas les m\u00eames codes de la propret\u00e9 que nous.<\/span><\/p>\n<p><span style=\"font-family: verdana, geneva, sans-serif;\">Ils leur arrivent souvent de laisser des traces qui troublent la salubrit\u00e9 des lieux. Si nombre d\u2019entre nous collecte ces d\u00e9jections gr\u00e2ce en partie \u00e0 la mise en place d\u2019un distributeur de sacs (la borne se trouve devant la mairie) il n\u2019en reste pas moins que d\u2019autres patrons de ces canid\u00e9s laissent divaguer leurs compagnons afin qu\u2019ils accomplissent leurs besoins et\u2026 ils ne pensent pas forc\u00e9ment \u00e0 enlever ces pr\u00e9sents odorants\u00a0!!!<\/span><\/p>\n<p><span style=\"font-family: verdana, geneva, sans-serif;\">Les r\u00e9sidents b\u00e9n\u00e9voles, la fonctionnaire territoriale ne sont pas l\u00e0 pour g\u00e9rer ces probl\u00e8mes personnels.<\/span><\/p>\n<p><span style=\"font-family: verdana, geneva, sans-serif;\">Alors de gr\u00e2ce sans vouloir \u00eatre des donneurs de le\u00e7ons, sans vouloir \u00eatre des emp\u00eacheurs de chier en rond, faisons-en sorte que nos chiens soient tenus en laisse et si d\u2019aventure il devait laisser un pr\u00e9sent, prenez le sac pr\u00e9vu \u00e0 cet effet pour que cet excr\u00e9ment ne soit pas un souvenir dans les rues du village.<\/span><\/p>\n<p>&nbsp;<\/p>\n<p><span style=\"font-size: 20px;\"><strong><span style=\"font-family: verdana, geneva, sans-serif;\">TRAITEMENT DE VOS D\u00c9CHETS<\/span><\/strong><\/span><\/p>\n<p><span style=\"font-family: verdana, geneva, sans-serif;\">A notre niveau, nous nous effor\u00e7ons de contribuer au bien-\u00eatre de la nature, et \u00e0 ce sujet voici quelques informations\u00a0: plusieurs points de collecte des d\u00e9chets sont \u00e0 votre disposition<\/span><\/p>\n<ul>\n<li><span style=\"font-family: verdana, geneva, sans-serif;\">Composteur communal\u00a0: d\u00e9chets verts de la maison<\/span>\n<ul>\n<li><span style=\"font-family: verdana, geneva, sans-serif;\">Parking face \u00e0 l\u2019\u00e9glise<\/span><\/li>\n<\/ul>\n<\/li>\n<li><span style=\"font-family: verdana, geneva, sans-serif;\">Poubelles vertes (d\u00e9chets m\u00e9nagers) et jaunes (cartons et tout ce qui est recyclable)<\/span>\n<ul>\n<li><span style=\"font-family: verdana, geneva, sans-serif;\">Bas du village<\/span><\/li>\n<li><span style=\"font-family: verdana, geneva, sans-serif;\">Parking face \u00e0 l\u2019\u00e9glise<\/span><\/li>\n<li><span style=\"font-family: verdana, geneva, sans-serif;\">Haut du village \u00e0 c\u00f4t\u00e9 de la salle de d\u00e9coupe<\/span><\/li>\n<\/ul>\n<\/li>\n<li><span style=\"font-family: verdana, geneva, sans-serif;\">Verre<\/span>\n<ul>\n<li><span style=\"font-family: verdana, geneva, sans-serif;\">Bas du village<\/span><\/li>\n<li><span style=\"font-family: verdana, geneva, sans-serif;\">Parking face \u00e0 l\u2019\u00e9glise<\/span><\/li>\n<\/ul>\n<\/li>\n<li><span style=\"font-family: verdana, geneva, sans-serif;\">Piles, ampoules<\/span>\n<ul>\n<li><span style=\"font-family: verdana, geneva, sans-serif;\">Parking face \u00e0 l\u2019\u00e9glise<\/span><\/li>\n<\/ul>\n<\/li>\n<\/ul>\n<p><span style=\"font-family: verdana, geneva, sans-serif;\">Pour tout le reste (appareil m\u00e9nager, gros d\u00e9chets, m\u00e9taux, literie, linge, pots de peinture\u2026), voici les horaires de la d\u00e9ch\u00e8terie de Roquefeuil :<\/span><\/p>\n<p><span style=\"font-family: verdana, geneva, sans-serif;\"><u>D\u00e9ch\u00e8terie de Roquefeuil : <strong>horaires d&rsquo;hiver 2023<\/strong><\/u><\/span><\/p>\n<ul>\n<li><span style=\"font-family: verdana, geneva, sans-serif;\">Lundi : <strong>Ferm\u00e9<\/strong>\u00a0<\/span><\/li>\n<li><span style=\"font-family: verdana, geneva, sans-serif;\">Mardi, mercredi, jeudi, vendredi et samedi : <strong>ouvert de 14 \u00e0 17 heures<\/strong><\/span><\/li>\n<\/ul>\n<p>&nbsp;<\/p>\n<table width=\"935\">\n<tbody>\n<tr>\n<td width=\"935\">\n<p><span style=\"font-family: verdana, geneva, sans-serif;\">D\u00e9chets accept\u00e9s \u00e0 la d\u00e9ch\u00e8terie de Roquefeuil :<\/span><\/p>\n<p><span style=\"font-family: verdana, geneva, sans-serif;\">Electrom\u00e9nager, M\u00e9taux, Bois, Cartons &amp; papiers, Encombrants (matelas, plastiques, etc\u2026 ), Pneus, Batteries, Ampoules, Peintures et solvants, V\u00eatements, Vitrages &amp; Verres, Gravats inertes non professionnels, D\u00e9chets verts.<\/span><\/p>\n<p>&nbsp;<\/p>\n<\/td>\n<\/tr>\n<\/tbody>\n<\/table>\n<p><span style=\"font-family: verdana, geneva, sans-serif;\">Un bidon de r\u00e9cup\u00e9ration des liquides tel que le \u00ab white spirit \u00bb ou autre fond de peinture est en place sur le parking face \u00e0 l\u2019\u00e9glise, car il est strictement interdit de\u00a0 jeter des liquides polluants dans la rivi\u00e8re ou dans les conduites d\u2019eau sous peine de poursuites.<\/span><\/p>\n<p>&nbsp;<\/p>\n","protected":false},"excerpt":{"rendered":"<p>R\u00e8glement int\u00e9rieur Ordures m\u00e9nag\u00e8res 2025 planning encombrants\u00a0 2025 VOICI DES INFORMATIONS RELATIVES \u00e0 LA COLLECTE DES ENCOMBRANTS : https:\/\/lafajolle.fr\/wp-content\/uploads\/2023\/09\/ENCOMBRANTS-2023-Belvis-etc.pdf https:\/\/lafajolle.fr\/wp-content\/uploads\/2023\/09\/Communication-Encombrants.pdf https:\/\/lafajolle.fr\/wp-content\/uploads\/2023\/09\/Fiche-de-collecte-Encombrant-VIERGE-.pdf UN VILLAGE PROPRE C&rsquo;EST L&rsquo;AFFAIRE DE TOUS\u00a0 Amis Fajolaises, amis Fajolois, amis visiteurs, Vous avez pu constater les efforts que tous ensemble nous avons consenti pour rendre notre village agr\u00e9able et un endroit o\u00f9 [&hellip;]<\/p>\n","protected":false},"author":1,"featured_media":0,"parent":0,"menu_order":0,"comment_status":"closed","ping_status":"closed","template":"","meta":{"_crdt_document":"","footnotes":""},"class_list":["post-88","page","type-page","status-publish","hentry"],"_links":{"self":[{"href":"https:\/\/lafajolle.fr\/index.php\/wp-json\/wp\/v2\/pages\/88","targetHints":{"allow":["GET"]}}],"collection":[{"href":"https:\/\/lafajolle.fr\/index.php\/wp-json\/wp\/v2\/pages"}],"about":[{"href":"https:\/\/lafajolle.fr\/index.php\/wp-json\/wp\/v2\/types\/page"}],"author":[{"embeddable":true,"href":"https:\/\/lafajolle.fr\/index.php\/wp-json\/wp\/v2\/users\/1"}],"replies":[{"embeddable":true,"href":"https:\/\/lafajolle.fr\/index.php\/wp-json\/wp\/v2\/comments?post=88"}],"version-history":[{"count":29,"href":"https:\/\/lafajolle.fr\/index.php\/wp-json\/wp\/v2\/pages\/88\/revisions"}],"predecessor-version":[{"id":2433,"href":"https:\/\/lafajolle.fr\/index.php\/wp-json\/wp\/v2\/pages\/88\/revisions\/2433"}],"wp:attachment":[{"href":"https:\/\/lafajolle.fr\/index.php\/wp-json\/wp\/v2\/media?parent=88"}],"curies":[{"name":"wp","href":"https:\/\/api.w.org\/{rel}","templated":true}]}}