{"id":876,"date":"2021-01-11T13:43:49","date_gmt":"2021-01-11T12:43:49","guid":{"rendered":"http:\/\/lafajolle.fr\/?page_id=876"},"modified":"2025-07-29T17:23:36","modified_gmt":"2025-07-29T15:23:36","slug":"hebergement","status":"publish","type":"page","link":"https:\/\/lafajolle.fr\/index.php\/hebergement\/","title":{"rendered":"H\u00e9bergement"},"content":{"rendered":"<p><span style=\"text-decoration: underline;\"><span style=\"font-family: verdana, geneva, sans-serif; font-size: 20px;\">Un g\u00eete dans le village\u00a0<\/span><\/span><\/p>\n<p><span style=\"font-family: verdana, geneva, sans-serif;\">G\u00eete de Fran\u00e7oise : 8 rue des Thermes 11140 La Fajolle<\/span><\/p>\n<p><span style=\"font-family: verdana, geneva, sans-serif;\">Portable : 06 79 90 46 02<\/span><\/p>\n<p><span style=\"font-family: verdana, geneva, sans-serif;\">Mail : francoise.freu@gmail.com<\/span><\/p>\n<p><img loading=\"lazy\" decoding=\"async\" class=\"alignnone size-medium wp-image-2286\" src=\"https:\/\/lafajolle.fr\/wp-content\/uploads\/2024\/01\/IMG_2796-300x212.jpg\" alt=\"\" width=\"300\" height=\"212\" srcset=\"https:\/\/lafajolle.fr\/wp-content\/uploads\/2024\/01\/IMG_2796-300x212.jpg 300w, https:\/\/lafajolle.fr\/wp-content\/uploads\/2024\/01\/IMG_2796-1024x722.jpg 1024w, https:\/\/lafajolle.fr\/wp-content\/uploads\/2024\/01\/IMG_2796-768x541.jpg 768w, https:\/\/lafajolle.fr\/wp-content\/uploads\/2024\/01\/IMG_2796-1536x1083.jpg 1536w, https:\/\/lafajolle.fr\/wp-content\/uploads\/2024\/01\/IMG_2796-2048x1444.jpg 2048w, https:\/\/lafajolle.fr\/wp-content\/uploads\/2024\/01\/IMG_2796-900x635.jpg 900w, https:\/\/lafajolle.fr\/wp-content\/uploads\/2024\/01\/IMG_2796-1280x902.jpg 1280w\" sizes=\"auto, (max-width: 300px) 100vw, 300px\" \/> <img loading=\"lazy\" decoding=\"async\" class=\"alignnone size-medium wp-image-2285\" src=\"https:\/\/lafajolle.fr\/wp-content\/uploads\/2024\/01\/IMG_2791-300x203.jpg\" alt=\"\" width=\"300\" height=\"203\" srcset=\"https:\/\/lafajolle.fr\/wp-content\/uploads\/2024\/01\/IMG_2791-300x203.jpg 300w, https:\/\/lafajolle.fr\/wp-content\/uploads\/2024\/01\/IMG_2791-1024x694.jpg 1024w, https:\/\/lafajolle.fr\/wp-content\/uploads\/2024\/01\/IMG_2791-768x520.jpg 768w, https:\/\/lafajolle.fr\/wp-content\/uploads\/2024\/01\/IMG_2791-1536x1040.jpg 1536w, https:\/\/lafajolle.fr\/wp-content\/uploads\/2024\/01\/IMG_2791-2048x1387.jpg 2048w, https:\/\/lafajolle.fr\/wp-content\/uploads\/2024\/01\/IMG_2791-900x610.jpg 900w, https:\/\/lafajolle.fr\/wp-content\/uploads\/2024\/01\/IMG_2791-1280x867.jpg 1280w\" sizes=\"auto, (max-width: 300px) 100vw, 300px\" \/> <img loading=\"lazy\" decoding=\"async\" class=\"alignnone size-medium wp-image-2284\" src=\"https:\/\/lafajolle.fr\/wp-content\/uploads\/2024\/01\/IMG_2790-300x220.jpg\" alt=\"\" width=\"300\" height=\"220\" srcset=\"https:\/\/lafajolle.fr\/wp-content\/uploads\/2024\/01\/IMG_2790-300x220.jpg 300w, https:\/\/lafajolle.fr\/wp-content\/uploads\/2024\/01\/IMG_2790-1024x750.jpg 1024w, https:\/\/lafajolle.fr\/wp-content\/uploads\/2024\/01\/IMG_2790-768x563.jpg 768w, https:\/\/lafajolle.fr\/wp-content\/uploads\/2024\/01\/IMG_2790-1536x1125.jpg 1536w, https:\/\/lafajolle.fr\/wp-content\/uploads\/2024\/01\/IMG_2790-2048x1500.jpg 2048w, https:\/\/lafajolle.fr\/wp-content\/uploads\/2024\/01\/IMG_2790-900x659.jpg 900w, https:\/\/lafajolle.fr\/wp-content\/uploads\/2024\/01\/IMG_2790-1280x938.jpg 1280w\" sizes=\"auto, (max-width: 300px) 100vw, 300px\" \/><img loading=\"lazy\" decoding=\"async\" class=\"alignnone size-medium wp-image-2308\" style=\"font-family: verdana, geneva, sans-serif; font-size: 20px; text-decoration-line: underline;\" src=\"https:\/\/lafajolle.fr\/wp-content\/uploads\/2024\/02\/IMG_2811-1-300x244.jpg\" alt=\"\" width=\"300\" height=\"244\" srcset=\"https:\/\/lafajolle.fr\/wp-content\/uploads\/2024\/02\/IMG_2811-1-300x244.jpg 300w, https:\/\/lafajolle.fr\/wp-content\/uploads\/2024\/02\/IMG_2811-1-1024x833.jpg 1024w, https:\/\/lafajolle.fr\/wp-content\/uploads\/2024\/02\/IMG_2811-1-768x625.jpg 768w, https:\/\/lafajolle.fr\/wp-content\/uploads\/2024\/02\/IMG_2811-1-1536x1249.jpg 1536w, https:\/\/lafajolle.fr\/wp-content\/uploads\/2024\/02\/IMG_2811-1-2048x1665.jpg 2048w, https:\/\/lafajolle.fr\/wp-content\/uploads\/2024\/02\/IMG_2811-1-900x732.jpg 900w, https:\/\/lafajolle.fr\/wp-content\/uploads\/2024\/02\/IMG_2811-1-1280x1041.jpg 1280w\" sizes=\"auto, (max-width: 300px) 100vw, 300px\" \/><img loading=\"lazy\" decoding=\"async\" class=\"alignnone size-medium wp-image-2307\" src=\"https:\/\/lafajolle.fr\/wp-content\/uploads\/2024\/02\/IMG_2814-300x235.jpg\" alt=\"\" width=\"300\" height=\"235\" srcset=\"https:\/\/lafajolle.fr\/wp-content\/uploads\/2024\/02\/IMG_2814-300x235.jpg 300w, https:\/\/lafajolle.fr\/wp-content\/uploads\/2024\/02\/IMG_2814-1024x802.jpg 1024w, https:\/\/lafajolle.fr\/wp-content\/uploads\/2024\/02\/IMG_2814-768x602.jpg 768w, https:\/\/lafajolle.fr\/wp-content\/uploads\/2024\/02\/IMG_2814-1536x1203.jpg 1536w, https:\/\/lafajolle.fr\/wp-content\/uploads\/2024\/02\/IMG_2814-2048x1605.jpg 2048w, https:\/\/lafajolle.fr\/wp-content\/uploads\/2024\/02\/IMG_2814-900x705.jpg 900w, https:\/\/lafajolle.fr\/wp-content\/uploads\/2024\/02\/IMG_2814-1280x1003.jpg 1280w\" sizes=\"auto, (max-width: 300px) 100vw, 300px\" \/><img loading=\"lazy\" decoding=\"async\" class=\"alignnone  wp-image-2304\" src=\"https:\/\/lafajolle.fr\/wp-content\/uploads\/2024\/02\/IMG_2792-300x200.jpg\" alt=\"\" width=\"353\" height=\"235\" srcset=\"https:\/\/lafajolle.fr\/wp-content\/uploads\/2024\/02\/IMG_2792-300x200.jpg 300w, https:\/\/lafajolle.fr\/wp-content\/uploads\/2024\/02\/IMG_2792-1024x683.jpg 1024w, https:\/\/lafajolle.fr\/wp-content\/uploads\/2024\/02\/IMG_2792-768x512.jpg 768w, https:\/\/lafajolle.fr\/wp-content\/uploads\/2024\/02\/IMG_2792-1536x1024.jpg 1536w, https:\/\/lafajolle.fr\/wp-content\/uploads\/2024\/02\/IMG_2792-2048x1365.jpg 2048w, https:\/\/lafajolle.fr\/wp-content\/uploads\/2024\/02\/IMG_2792-900x600.jpg 900w, https:\/\/lafajolle.fr\/wp-content\/uploads\/2024\/02\/IMG_2792-1280x853.jpg 1280w\" sizes=\"auto, (max-width: 353px) 100vw, 353px\" \/><\/p>\n<p><img loading=\"lazy\" decoding=\"async\" class=\"alignnone size-medium wp-image-2301\" src=\"https:\/\/lafajolle.fr\/wp-content\/uploads\/2024\/02\/DSCF2021-300x225.jpg\" alt=\"\" width=\"300\" height=\"225\" srcset=\"https:\/\/lafajolle.fr\/wp-content\/uploads\/2024\/02\/DSCF2021-300x225.jpg 300w, https:\/\/lafajolle.fr\/wp-content\/uploads\/2024\/02\/DSCF2021-1024x768.jpg 1024w, https:\/\/lafajolle.fr\/wp-content\/uploads\/2024\/02\/DSCF2021-768x576.jpg 768w, https:\/\/lafajolle.fr\/wp-content\/uploads\/2024\/02\/DSCF2021-1536x1152.jpg 1536w, https:\/\/lafajolle.fr\/wp-content\/uploads\/2024\/02\/DSCF2021-2048x1536.jpg 2048w, https:\/\/lafajolle.fr\/wp-content\/uploads\/2024\/02\/DSCF2021-900x675.jpg 900w, https:\/\/lafajolle.fr\/wp-content\/uploads\/2024\/02\/DSCF2021-1280x960.jpg 1280w\" sizes=\"auto, (max-width: 300px) 100vw, 300px\" \/><img loading=\"lazy\" decoding=\"async\" class=\"alignnone size-medium wp-image-2302\" src=\"https:\/\/lafajolle.fr\/wp-content\/uploads\/2024\/02\/DSCF2026-300x225.jpg\" alt=\"\" width=\"300\" height=\"225\" srcset=\"https:\/\/lafajolle.fr\/wp-content\/uploads\/2024\/02\/DSCF2026-300x225.jpg 300w, https:\/\/lafajolle.fr\/wp-content\/uploads\/2024\/02\/DSCF2026-1024x768.jpg 1024w, https:\/\/lafajolle.fr\/wp-content\/uploads\/2024\/02\/DSCF2026-768x576.jpg 768w, https:\/\/lafajolle.fr\/wp-content\/uploads\/2024\/02\/DSCF2026-1536x1152.jpg 1536w, https:\/\/lafajolle.fr\/wp-content\/uploads\/2024\/02\/DSCF2026-2048x1536.jpg 2048w, https:\/\/lafajolle.fr\/wp-content\/uploads\/2024\/02\/DSCF2026-900x675.jpg 900w, https:\/\/lafajolle.fr\/wp-content\/uploads\/2024\/02\/DSCF2026-1280x960.jpg 1280w\" sizes=\"auto, (max-width: 300px) 100vw, 300px\" \/><\/p>\n<p>&nbsp;<\/p>\n<p><span style=\"font-family: verdana, geneva, sans-serif;\">Autres h\u00e9bergements : <a href=\"https:\/\/www.pyreneesaudoises.com\/dormir-1\/\">Pyr\u00e9n\u00e9es audoises tourisme<\/a><\/span><\/p>\n","protected":false},"excerpt":{"rendered":"<p>Un g\u00eete dans le village\u00a0 G\u00eete de Fran\u00e7oise : 8 rue des Thermes 11140 La Fajolle Portable : 06 79 90 46 02 Mail : francoise.freu@gmail.com &nbsp; Autres h\u00e9bergements : Pyr\u00e9n\u00e9es audoises tourisme<\/p>\n","protected":false},"author":1,"featured_media":0,"parent":0,"menu_order":0,"comment_status":"closed","ping_status":"closed","template":"","meta":{"_crdt_document":"","footnotes":""},"class_list":["post-876","page","type-page","status-publish","hentry"],"_links":{"self":[{"href":"https:\/\/lafajolle.fr\/index.php\/wp-json\/wp\/v2\/pages\/876","targetHints":{"allow":["GET"]}}],"collection":[{"href":"https:\/\/lafajolle.fr\/index.php\/wp-json\/wp\/v2\/pages"}],"about":[{"href":"https:\/\/lafajolle.fr\/index.php\/wp-json\/wp\/v2\/types\/page"}],"author":[{"embeddable":true,"href":"https:\/\/lafajolle.fr\/index.php\/wp-json\/wp\/v2\/users\/1"}],"replies":[{"embeddable":true,"href":"https:\/\/lafajolle.fr\/index.php\/wp-json\/wp\/v2\/comments?post=876"}],"version-history":[{"count":7,"href":"https:\/\/lafajolle.fr\/index.php\/wp-json\/wp\/v2\/pages\/876\/revisions"}],"predecessor-version":[{"id":2464,"href":"https:\/\/lafajolle.fr\/index.php\/wp-json\/wp\/v2\/pages\/876\/revisions\/2464"}],"wp:attachment":[{"href":"https:\/\/lafajolle.fr\/index.php\/wp-json\/wp\/v2\/media?parent=876"}],"curies":[{"name":"wp","href":"https:\/\/api.w.org\/{rel}","templated":true}]}}