{"id":524,"date":"2020-11-18T13:43:34","date_gmt":"2020-11-18T12:43:34","guid":{"rendered":"http:\/\/lafajolle.fr\/?page_id=524"},"modified":"2023-12-14T10:49:35","modified_gmt":"2023-12-14T09:49:35","slug":"la-foret-cineraire","status":"publish","type":"page","link":"https:\/\/lafajolle.fr\/index.php\/la-foret-cineraire\/","title":{"rendered":"La for\u00eat du souvenir"},"content":{"rendered":"<p><img decoding=\"async\" src=\"https:\/\/lafajolle.fr\/wp-content\/uploads\/2022\/12\/Plan-de-la-foret-du-Souvenir-1-1.pptx.jpg\" \/><\/p>\n<p>&nbsp;<\/p>\n<p>&nbsp;<\/p>\n<p><img loading=\"lazy\" decoding=\"async\" class=\"alignnone  wp-image-518\" src=\"https:\/\/lafajolle.fr\/wp-content\/uploads\/2020\/11\/DSC_0943-300x200.jpg\" alt=\"\" width=\"254\" height=\"169\" srcset=\"https:\/\/lafajolle.fr\/wp-content\/uploads\/2020\/11\/DSC_0943-300x200.jpg 300w, https:\/\/lafajolle.fr\/wp-content\/uploads\/2020\/11\/DSC_0943-1024x683.jpg 1024w, https:\/\/lafajolle.fr\/wp-content\/uploads\/2020\/11\/DSC_0943-768x512.jpg 768w, https:\/\/lafajolle.fr\/wp-content\/uploads\/2020\/11\/DSC_0943-1536x1024.jpg 1536w, https:\/\/lafajolle.fr\/wp-content\/uploads\/2020\/11\/DSC_0943-2048x1365.jpg 2048w, https:\/\/lafajolle.fr\/wp-content\/uploads\/2020\/11\/DSC_0943-900x600.jpg 900w, https:\/\/lafajolle.fr\/wp-content\/uploads\/2020\/11\/DSC_0943-1280x853.jpg 1280w\" sizes=\"auto, (max-width: 254px) 100vw, 254px\" \/><img loading=\"lazy\" decoding=\"async\" class=\"alignnone  wp-image-519\" src=\"https:\/\/lafajolle.fr\/wp-content\/uploads\/2020\/11\/DSC_0816-200x300.jpg\" alt=\"\" width=\"114\" height=\"171\" srcset=\"https:\/\/lafajolle.fr\/wp-content\/uploads\/2020\/11\/DSC_0816-200x300.jpg 200w, https:\/\/lafajolle.fr\/wp-content\/uploads\/2020\/11\/DSC_0816-683x1024.jpg 683w, https:\/\/lafajolle.fr\/wp-content\/uploads\/2020\/11\/DSC_0816-768x1152.jpg 768w, https:\/\/lafajolle.fr\/wp-content\/uploads\/2020\/11\/DSC_0816-1024x1536.jpg 1024w, https:\/\/lafajolle.fr\/wp-content\/uploads\/2020\/11\/DSC_0816-1365x2048.jpg 1365w, https:\/\/lafajolle.fr\/wp-content\/uploads\/2020\/11\/DSC_0816-900x1350.jpg 900w, https:\/\/lafajolle.fr\/wp-content\/uploads\/2020\/11\/DSC_0816-1280x1920.jpg 1280w, https:\/\/lafajolle.fr\/wp-content\/uploads\/2020\/11\/DSC_0816-scaled.jpg 1707w\" sizes=\"auto, (max-width: 114px) 100vw, 114px\" \/><img loading=\"lazy\" decoding=\"async\" class=\"alignnone  wp-image-494\" src=\"https:\/\/lafajolle.fr\/wp-content\/uploads\/2020\/11\/DSC_0705-300x200.jpg\" alt=\"\" width=\"254\" height=\"169\" srcset=\"https:\/\/lafajolle.fr\/wp-content\/uploads\/2020\/11\/DSC_0705-300x200.jpg 300w, https:\/\/lafajolle.fr\/wp-content\/uploads\/2020\/11\/DSC_0705-1024x683.jpg 1024w, https:\/\/lafajolle.fr\/wp-content\/uploads\/2020\/11\/DSC_0705-768x512.jpg 768w, https:\/\/lafajolle.fr\/wp-content\/uploads\/2020\/11\/DSC_0705-1536x1024.jpg 1536w, https:\/\/lafajolle.fr\/wp-content\/uploads\/2020\/11\/DSC_0705-2048x1365.jpg 2048w, https:\/\/lafajolle.fr\/wp-content\/uploads\/2020\/11\/DSC_0705-900x600.jpg 900w, https:\/\/lafajolle.fr\/wp-content\/uploads\/2020\/11\/DSC_0705-1280x853.jpg 1280w\" sizes=\"auto, (max-width: 254px) 100vw, 254px\" \/><img loading=\"lazy\" decoding=\"async\" class=\"alignnone size-medium wp-image-2271\" src=\"https:\/\/lafajolle.fr\/wp-content\/uploads\/2023\/12\/DSC_0945-200x300.jpg\" alt=\"\" width=\"200\" height=\"300\" srcset=\"https:\/\/lafajolle.fr\/wp-content\/uploads\/2023\/12\/DSC_0945-200x300.jpg 200w, https:\/\/lafajolle.fr\/wp-content\/uploads\/2023\/12\/DSC_0945-683x1024.jpg 683w, https:\/\/lafajolle.fr\/wp-content\/uploads\/2023\/12\/DSC_0945-768x1152.jpg 768w, https:\/\/lafajolle.fr\/wp-content\/uploads\/2023\/12\/DSC_0945-1024x1536.jpg 1024w, https:\/\/lafajolle.fr\/wp-content\/uploads\/2023\/12\/DSC_0945-1365x2048.jpg 1365w, https:\/\/lafajolle.fr\/wp-content\/uploads\/2023\/12\/DSC_0945-900x1350.jpg 900w, https:\/\/lafajolle.fr\/wp-content\/uploads\/2023\/12\/DSC_0945-1280x1920.jpg 1280w, https:\/\/lafajolle.fr\/wp-content\/uploads\/2023\/12\/DSC_0945-scaled.jpg 1707w\" sizes=\"auto, (max-width: 200px) 100vw, 200px\" \/><\/p>\n<p>&nbsp;<\/p>\n<p><span style=\"font-family: verdana, geneva, sans-serif; font-size: 20px;\">Lors d&rsquo;un des derniers conseil municipal, la commune de La Fajolle a envisag\u00e9 de cr\u00e9er sur son domaine communal une for\u00eat cin\u00e9raire, c&rsquo;est chose faite. 25 arbres ont \u00e9t\u00e9 retenus, un cheminement relie les arbres entre eux. Une plaque \u00e0 l&rsquo;entr\u00e9e de la for\u00eat pr\u00e9sente le site. A ce jour, 16 arbres sont r\u00e9serv\u00e9s, par les habitants du village. Pour voir le plan, c&rsquo;est <a href=\"https:\/\/lafajolle.fr\/wp-content\/uploads\/2022\/11\/foret-du-souvenir-arbres-numerotes.pdf\">ici<\/a>.<\/span><\/p>\n<p>&nbsp;<\/p>\n<p><img decoding=\"async\" src=\"https:\/\/lafajolle.fr\/wp-content\/uploads\/2022\/11\/DSC_0521-scaled.jpg\" \/><\/p>\n<p><img decoding=\"async\" src=\"https:\/\/lafajolle.fr\/wp-content\/uploads\/2022\/11\/DSC_0816-scaled.jpg\" \/><\/p>\n","protected":false},"excerpt":{"rendered":"<p>&nbsp; &nbsp; &nbsp; Lors d&rsquo;un des derniers conseil municipal, la commune de La Fajolle a envisag\u00e9 de cr\u00e9er sur son domaine communal une for\u00eat cin\u00e9raire, c&rsquo;est chose faite. 25 arbres ont \u00e9t\u00e9 retenus, un cheminement relie les arbres entre eux. Une plaque \u00e0 l&rsquo;entr\u00e9e de la for\u00eat pr\u00e9sente le site. A ce jour, 16 arbres [&hellip;]<\/p>\n","protected":false},"author":1,"featured_media":0,"parent":0,"menu_order":0,"comment_status":"closed","ping_status":"closed","template":"","meta":{"_crdt_document":"","footnotes":""},"class_list":["post-524","page","type-page","status-publish","hentry"],"_links":{"self":[{"href":"https:\/\/lafajolle.fr\/index.php\/wp-json\/wp\/v2\/pages\/524","targetHints":{"allow":["GET"]}}],"collection":[{"href":"https:\/\/lafajolle.fr\/index.php\/wp-json\/wp\/v2\/pages"}],"about":[{"href":"https:\/\/lafajolle.fr\/index.php\/wp-json\/wp\/v2\/types\/page"}],"author":[{"embeddable":true,"href":"https:\/\/lafajolle.fr\/index.php\/wp-json\/wp\/v2\/users\/1"}],"replies":[{"embeddable":true,"href":"https:\/\/lafajolle.fr\/index.php\/wp-json\/wp\/v2\/comments?post=524"}],"version-history":[{"count":16,"href":"https:\/\/lafajolle.fr\/index.php\/wp-json\/wp\/v2\/pages\/524\/revisions"}],"predecessor-version":[{"id":2274,"href":"https:\/\/lafajolle.fr\/index.php\/wp-json\/wp\/v2\/pages\/524\/revisions\/2274"}],"wp:attachment":[{"href":"https:\/\/lafajolle.fr\/index.php\/wp-json\/wp\/v2\/media?parent=524"}],"curies":[{"name":"wp","href":"https:\/\/api.w.org\/{rel}","templated":true}]}}