{"id":53,"date":"2020-10-08T22:36:16","date_gmt":"2020-10-08T20:36:16","guid":{"rendered":"http:\/\/lafajod.cluster023.hosting.ovh.net\/?page_id=53"},"modified":"2024-07-07T19:52:46","modified_gmt":"2024-07-07T17:52:46","slug":"infos-mairie","status":"publish","type":"page","link":"http:\/\/lafajolle.fr\/index.php\/infos-mairie\/","title":{"rendered":"Infos Mairie"},"content":{"rendered":"<p><strong><span style=\"font-family: verdana, geneva, sans-serif;\">R\u00e9sultats 2i\u00e8me tour \u00e9lections l\u00e9gislatives du 7 juillet 2024 \u00e0 LA FAJOLLE<\/span><\/strong><\/p>\n<table style=\"border-collapse: collapse; width: 57.4616%;\" border=\"1\">\n<tbody>\n<tr>\n<td style=\"width: 50%;\">Philippe ANDRIEU<\/td>\n<td style=\"width: 7.46269%; text-align: center;\">12<\/td>\n<\/tr>\n<tr>\n<td style=\"width: 50%;\">Julien RANCOULE<\/td>\n<td style=\"width: 7.46269%; text-align: center;\">4<\/td>\n<\/tr>\n<\/tbody>\n<\/table>\n<p>&nbsp;<\/p>\n<p><strong><span style=\"font-family: verdana, geneva, sans-serif;\">R\u00e9sultats 1er tour \u00e9lections l\u00e9gislatives du 30 juin 2024 \u00e0 LA FAJOLLE<\/span><\/strong><\/p>\n<table style=\"border-collapse: collapse; width: 57.5452%; height: 153px;\" border=\"1\">\n<tbody>\n<tr style=\"height: 48px;\">\n<td style=\"width: 50%; height: 48px; text-align: left;\">Jean-Fran\u00e7ois Leclerc, les R\u00e9publicains<\/td>\n<td style=\"width: 7.54561%; height: 48px; text-align: center;\">1<\/td>\n<\/tr>\n<tr style=\"height: 52px;\">\n<td style=\"width: 50%; height: 52px; text-align: left;\">JulienRancoule, Rassemblement National<\/td>\n<td style=\"width: 7.54561%; height: 52px; text-align: center;\">4<\/td>\n<\/tr>\n<tr style=\"height: 53px;\">\n<td style=\"width: 50%; height: 53px; text-align: left;\">Philippe Andrieu, Nouveau Front Populaire<\/td>\n<td style=\"width: 7.54561%; height: 53px; text-align: center;\">11<\/td>\n<\/tr>\n<\/tbody>\n<\/table>\n<p>&nbsp;<\/p>\n<p><strong><span style=\"font-family: verdana, geneva, sans-serif;\">R\u00e9sultats \u00e9lections europ\u00e9ennes du 9 juin 2024 \u00e0 LA FAJOLLE<\/span><\/strong><\/p>\n<table style=\"border-collapse: collapse; width: 43.9467%;\" border=\"1\">\n<tbody>\n<tr>\n<td style=\"width: 24.3402%;\">Jordan Bardella<\/td>\n<td style=\"width: 9.92301%; text-align: center;\">\n<p>4<\/p>\n<p>&nbsp;<\/p>\n<\/td>\n<\/tr>\n<tr>\n<td style=\"width: 24.3402%;\">Jean Lassalle<\/td>\n<td style=\"width: 9.92301%; text-align: center;\">\n<p>4<\/p>\n<p>&nbsp;<\/p>\n<\/td>\n<\/tr>\n<tr>\n<td style=\"width: 24.3402%;\">Rapha\u00ebl Glucksmann<\/td>\n<td style=\"width: 9.92301%; text-align: center;\">\n<p>8<\/p>\n<p>&nbsp;<\/p>\n<\/td>\n<\/tr>\n<\/tbody>\n<\/table>\n<p><a href=\"http:\/\/lafajolle.fr\/wp-content\/uploads\/2023\/11\/Qualite-eau-25-10-23.pdf\"><span style=\"font-family: verdana, geneva, sans-serif;\">Qualit\u00e9 de l&rsquo;eau 25 octobre 2023<\/span><\/a><\/p>\n<p><span style=\"font-family: verdana, geneva, sans-serif;\">Qualit\u00e9 de l&rsquo;eau (Ao\u00fbt 2022)<\/span><\/p>\n<p><img loading=\"lazy\" decoding=\"async\" class=\"alignnone size-medium wp-image-1932\" src=\"http:\/\/lafajolle.fr\/wp-content\/uploads\/2022\/08\/qualite-eau-22-08-22-212x300.png\" alt=\"\" width=\"212\" height=\"300\" srcset=\"http:\/\/lafajolle.fr\/wp-content\/uploads\/2022\/08\/qualite-eau-22-08-22-212x300.png 212w, http:\/\/lafajolle.fr\/wp-content\/uploads\/2022\/08\/qualite-eau-22-08-22-724x1024.png 724w, http:\/\/lafajolle.fr\/wp-content\/uploads\/2022\/08\/qualite-eau-22-08-22-768x1087.png 768w, http:\/\/lafajolle.fr\/wp-content\/uploads\/2022\/08\/qualite-eau-22-08-22.png 892w\" sizes=\"auto, (max-width: 212px) 100vw, 212px\" \/><\/p>\n<p>Arr\u00eat\u00e9 prefectoral relatif \u00e0 la s\u00e9cheresse : Ao\u00fbt 2022, <a href=\"http:\/\/lafajolle.fr\/wp-content\/uploads\/2022\/08\/AP-n\u00b0-DDTM-SEMA-2022-054-secheresse.pdf\">ici<\/a><\/p>\n<p>&nbsp;<\/p>\n<table style=\"border-collapse: collapse; width: 30.6789%; height: 240px;\" border=\"1\">\n<tbody>\n<tr style=\"height: 24px;\">\n<td style=\"width: 47.8451%; text-align: center; background-color: #eddddd; height: 24px;\" colspan=\"2\">\n<p><strong><span style=\"font-family: verdana, geneva, sans-serif;\">R\u00e9sultats des \u00e9lections pr\u00e9sidentielles \u00e0 LA FAJOLLE du 24 avril 2022<\/span><\/strong><\/p>\n<\/td>\n<\/tr>\n<tr style=\"height: 24px;\">\n<td style=\"width: 25%; text-align: right; background-color: #eddddd; height: 24px;\"><strong><span style=\"font-family: verdana, geneva, sans-serif;\">Inscrits<\/span><\/strong><\/td>\n<td style=\"width: 22.8451%; text-align: center; background-color: #eddddd; height: 24px;\"><strong>25<\/strong><\/td>\n<\/tr>\n<tr style=\"height: 24px;\">\n<td style=\"width: 25%; text-align: right; background-color: #eddddd; height: 24px;\"><strong><span style=\"font-family: verdana, geneva, sans-serif;\">Votants<\/span><\/strong><\/td>\n<td style=\"width: 22.8451%; text-align: center; background-color: #eddddd; height: 24px;\"><strong>16<\/strong><\/td>\n<\/tr>\n<tr style=\"height: 24px;\">\n<td style=\"width: 25%; text-align: right; background-color: #eddddd; height: 24px;\"><strong><span style=\"font-family: verdana, geneva, sans-serif;\">Blancs<\/span><\/strong><\/td>\n<td style=\"width: 22.8451%; background-color: #eddddd; height: 24px; text-align: center;\"><strong>4<\/strong><\/td>\n<\/tr>\n<tr style=\"height: 24px;\">\n<td style=\"width: 25%; text-align: right; background-color: #eddddd; height: 24px;\"><strong><span style=\"font-family: verdana, geneva, sans-serif;\">Nuls<\/span><\/strong><\/td>\n<td style=\"width: 22.8451%; background-color: #eddddd; height: 24px; text-align: center;\"><strong>0<\/strong><\/td>\n<\/tr>\n<tr style=\"height: 24px;\">\n<td style=\"width: 25%; text-align: right; background-color: #eddddd; height: 24px;\"><strong><span style=\"font-family: verdana, geneva, sans-serif;\">Exprim\u00e9s<\/span><\/strong><\/td>\n<td style=\"width: 22.8451%; background-color: #eddddd; height: 24px; text-align: center;\"><strong>12<\/strong><\/td>\n<\/tr>\n<tr style=\"height: 24px;\">\n<td style=\"width: 25%; text-align: right; background-color: #eddddd; height: 24px;\">\u00a0<\/td>\n<td style=\"width: 22.8451%; background-color: #eddddd; height: 24px;\">\u00a0<\/td>\n<\/tr>\n<tr style=\"height: 24px;\">\n<td style=\"width: 25%; text-align: left; background-color: #eddddd; height: 24px;\"><span style=\"font-family: verdana, geneva, sans-serif;\">Candidats<\/span><\/td>\n<td style=\"width: 22.8451%; background-color: #eddddd; height: 24px; text-align: center;\"><strong><span style=\"font-family: verdana, geneva, sans-serif;\">Voix<\/span><\/strong><\/td>\n<\/tr>\n<tr style=\"height: 24px;\">\n<td style=\"width: 25%; text-align: left; background-color: #eddddd; height: 24px;\"><span style=\"font-family: verdana, geneva, sans-serif;\">MACRON Emmanuel<\/span><\/td>\n<td style=\"width: 22.8451%; background-color: #eddddd; height: 24px; text-align: center;\"><strong>7<\/strong><\/td>\n<\/tr>\n<tr style=\"height: 24px;\">\n<td style=\"width: 25%; text-align: left; background-color: #eddddd; height: 24px;\"><span style=\"font-family: verdana, geneva, sans-serif;\">LE PEN Marine<\/span><\/td>\n<td style=\"width: 22.8451%; background-color: #eddddd; height: 24px; text-align: center;\"><strong>5<\/strong><\/td>\n<\/tr>\n<\/tbody>\n<\/table>\n<p>&nbsp;<\/p>\n<p>&nbsp;<\/p>\n<table style=\"background-color: #a3f07d; width: 30.6137%; border-color: #a3f07d; height: 576px;\" width=\"632\">\n<tbody>\n<tr style=\"height: 24px;\">\n<td style=\"text-align: center; height: 24px;\" colspan=\"3\" width=\"632\"><strong><span style=\"font-family: verdana, geneva, sans-serif;\">R\u00e9sultats des \u00e9lections \u00e0 LA FAJOLLE du 10 avril 2022<\/span><\/strong><\/td>\n<\/tr>\n<tr style=\"height: 24px;\">\n<td style=\"height: 24px;\">\u00a0<\/td>\n<td style=\"height: 24px;\">\u00a0<\/td>\n<td style=\"height: 24px;\">\u00a0<\/td>\n<\/tr>\n<tr style=\"height: 24px;\">\n<td style=\"height: 24px;\">\u00a0<\/td>\n<td style=\"text-align: right; background-color: #f2e9e9; height: 24px;\"><span style=\"font-family: verdana, geneva, sans-serif;\"><strong>Inscrits<\/strong><\/span><\/td>\n<td style=\"background-color: #f2e9e9; height: 24px; text-align: center;\"><span style=\"font-family: verdana, geneva, sans-serif;\"><strong>25<\/strong><\/span><\/td>\n<\/tr>\n<tr style=\"height: 24px;\">\n<td style=\"height: 24px;\">\u00a0<\/td>\n<td style=\"text-align: right; background-color: #f2e9e9; height: 24px;\"><span style=\"font-family: verdana, geneva, sans-serif;\"><strong>Votants<\/strong><\/span><\/td>\n<td style=\"background-color: #f2e9e9; height: 24px; text-align: center;\"><span style=\"font-family: verdana, geneva, sans-serif;\"><strong>17<\/strong><\/span><\/td>\n<\/tr>\n<tr style=\"height: 24px;\">\n<td style=\"height: 24px;\">\u00a0<\/td>\n<td style=\"text-align: right; background-color: #f2e9e9; height: 24px;\"><span style=\"font-family: verdana, geneva, sans-serif;\"><strong>Blancs<\/strong><\/span><\/td>\n<td style=\"background-color: #f2e9e9; height: 24px; text-align: center;\"><strong><span style=\"font-family: verdana, geneva, sans-serif;\">0<\/span><\/strong><\/td>\n<\/tr>\n<tr style=\"height: 24px;\">\n<td style=\"height: 24px;\">\u00a0<\/td>\n<td style=\"text-align: right; background-color: #f2e9e9; height: 24px;\"><span style=\"font-family: verdana, geneva, sans-serif;\"><strong>Nuls<\/strong><\/span><\/td>\n<td style=\"background-color: #f2e9e9; height: 24px; text-align: center;\"><strong><span style=\"font-family: verdana, geneva, sans-serif;\">0<\/span><\/strong><\/td>\n<\/tr>\n<tr style=\"height: 24px;\">\n<td style=\"height: 24px;\">\u00a0<\/td>\n<td style=\"text-align: right; background-color: #f2e9e9; height: 24px;\"><span style=\"font-family: verdana, geneva, sans-serif;\"><strong>Exprim\u00e9s\u00a0<\/strong><\/span><\/td>\n<td style=\"background-color: #f2e9e9; height: 24px; text-align: center;\"><strong><span style=\"font-family: verdana, geneva, sans-serif;\">17<\/span><\/strong><\/td>\n<\/tr>\n<tr style=\"height: 24px;\">\n<td style=\"height: 24px;\">\u00a0<\/td>\n<td style=\"height: 24px;\">\u00a0<\/td>\n<td style=\"height: 24px;\">\u00a0<\/td>\n<\/tr>\n<tr style=\"height: 24px;\">\n<td style=\"height: 24px;\">\u00a0<\/td>\n<td style=\"height: 24px;\">\u00a0<\/td>\n<td style=\"height: 24px;\">\u00a0<\/td>\n<\/tr>\n<tr style=\"height: 24px;\">\n<td style=\"height: 24px;\">\u00a0<\/td>\n<td style=\"height: 24px;\"><span style=\"color: #000000; font-family: verdana, geneva, sans-serif;\">Candidats<\/span><\/td>\n<td style=\"height: 24px;\"><strong><span style=\"color: #000000; font-family: verdana, geneva, sans-serif;\">Voix<\/span><\/strong><\/td>\n<\/tr>\n<tr style=\"height: 24px;\">\n<td style=\"height: 24px;\"><span style=\"color: #000000;\">1<\/span><\/td>\n<td style=\"height: 24px;\"><span style=\"color: #000000; font-family: verdana, geneva, sans-serif;\">Mme ARTHAUD Nathalie<\/span><\/td>\n<td style=\"height: 24px; text-align: center;\"><strong><span style=\"font-family: verdana, geneva, sans-serif;\">0<\/span><\/strong><\/td>\n<\/tr>\n<tr style=\"height: 24px;\">\n<td style=\"height: 24px;\"><span style=\"color: #000000;\">2<\/span><\/td>\n<td style=\"height: 24px;\"><span style=\"color: #000000; font-family: verdana, geneva, sans-serif;\">M. ROUSSEL Fabien<\/span><\/td>\n<td style=\"height: 24px; text-align: center;\"><strong><span style=\"font-family: verdana, geneva, sans-serif;\">0<\/span><\/strong><\/td>\n<\/tr>\n<tr style=\"height: 24px;\">\n<td style=\"height: 24px;\"><span style=\"color: #000000;\">3<\/span><\/td>\n<td style=\"height: 24px;\"><span style=\"color: #000000; font-family: verdana, geneva, sans-serif;\">M. MACRON Emmanuel<\/span><\/td>\n<td style=\"height: 24px; text-align: center;\"><strong><span style=\"font-family: verdana, geneva, sans-serif;\">2<\/span><\/strong><\/td>\n<\/tr>\n<tr style=\"height: 24px;\">\n<td style=\"height: 24px;\"><span style=\"color: #000000;\">4<\/span><\/td>\n<td style=\"height: 24px;\"><span style=\"color: #000000; font-family: verdana, geneva, sans-serif;\">M. LASSALLE Jean<\/span><\/td>\n<td style=\"height: 24px; text-align: center;\"><strong><span style=\"font-family: verdana, geneva, sans-serif;\">4<\/span><\/strong><\/td>\n<\/tr>\n<tr style=\"height: 24px;\">\n<td style=\"height: 24px;\"><span style=\"color: #000000;\">5<\/span><\/td>\n<td style=\"height: 24px;\"><span style=\"color: #000000; font-family: verdana, geneva, sans-serif;\">Mme LE PEN Marine<\/span><\/td>\n<td style=\"height: 24px; text-align: center;\"><strong><span style=\"font-family: verdana, geneva, sans-serif;\">5<\/span><\/strong><\/td>\n<\/tr>\n<tr style=\"height: 24px;\">\n<td style=\"height: 24px;\"><span style=\"color: #000000;\">6<\/span><\/td>\n<td style=\"height: 24px;\"><span style=\"color: #000000; font-family: verdana, geneva, sans-serif;\">M. ZEMMOUR Eric<\/span><\/td>\n<td style=\"height: 24px; text-align: center;\"><strong><span style=\"font-family: verdana, geneva, sans-serif;\">1<\/span><\/strong><\/td>\n<\/tr>\n<tr style=\"height: 24px;\">\n<td style=\"height: 24px;\"><span style=\"color: #000000;\">7<\/span><\/td>\n<td style=\"height: 24px;\"><span style=\"color: #000000; font-family: verdana, geneva, sans-serif;\">M. MELENCHON Jean-Luc<\/span><\/td>\n<td style=\"height: 24px; text-align: center;\"><strong><span style=\"font-family: verdana, geneva, sans-serif;\">2<\/span><\/strong><\/td>\n<\/tr>\n<tr style=\"height: 24px;\">\n<td style=\"height: 24px;\"><span style=\"color: #000000;\">8<\/span><\/td>\n<td style=\"height: 24px;\"><span style=\"color: #000000; font-family: verdana, geneva, sans-serif;\">Mme HIDALGO Anne<\/span><\/td>\n<td style=\"height: 24px; text-align: center;\"><strong><span style=\"font-family: verdana, geneva, sans-serif;\">0<\/span><\/strong><\/td>\n<\/tr>\n<tr style=\"height: 24px;\">\n<td style=\"height: 24px;\"><span style=\"color: #000000;\">9<\/span><\/td>\n<td style=\"height: 24px;\"><span style=\"color: #000000; font-family: verdana, geneva, sans-serif;\">M. JADOT Yannick<\/span><\/td>\n<td style=\"height: 24px; text-align: center;\"><strong><span style=\"font-family: verdana, geneva, sans-serif;\">2<\/span><\/strong><\/td>\n<\/tr>\n<tr style=\"height: 24px;\">\n<td style=\"height: 24px;\"><span style=\"color: #000000;\">10<\/span><\/td>\n<td style=\"height: 24px;\"><span style=\"color: #000000; font-family: verdana, geneva, sans-serif;\">Mme PECRESSE Val\u00e9rie<\/span><\/td>\n<td style=\"height: 24px; text-align: center;\"><strong><span style=\"font-family: verdana, geneva, sans-serif;\">0<\/span><\/strong><\/td>\n<\/tr>\n<tr style=\"height: 24px;\">\n<td style=\"height: 24px;\"><span style=\"color: #000000;\">11<\/span><\/td>\n<td style=\"height: 24px;\"><span style=\"color: #000000; font-family: verdana, geneva, sans-serif;\">M. POUTOU Philippe<\/span><\/td>\n<td style=\"height: 24px; text-align: center;\"><strong><span style=\"font-family: verdana, geneva, sans-serif;\">1<\/span><\/strong><\/td>\n<\/tr>\n<tr style=\"height: 24px;\">\n<td style=\"height: 24px;\"><span style=\"color: #000000;\">12<\/span><\/td>\n<td style=\"height: 24px;\"><span style=\"color: #000000; font-family: verdana, geneva, sans-serif;\">M. DUPONT-AIGNAN Nicolas\u00a0<\/span><\/td>\n<td style=\"height: 24px; text-align: center;\"><strong><span style=\"font-family: verdana, geneva, sans-serif;\">0<\/span><\/strong><\/td>\n<\/tr>\n<tr style=\"height: 24px;\">\n<td style=\"height: 24px;\">\u00a0<\/td>\n<td style=\"height: 24px;\">\u00a0<\/td>\n<td style=\"height: 24px;\">\u00a0<\/td>\n<\/tr>\n<tr style=\"height: 24px;\">\n<td style=\"height: 24px;\">\u00a0<\/td>\n<td style=\"height: 24px;\">\u00a0<\/td>\n<td style=\"height: 24px;\">\u00a0<\/td>\n<\/tr>\n<\/tbody>\n<\/table>\n<p>&nbsp;<\/p>\n<p>&nbsp;<\/p>\n<p>&nbsp;<\/p>\n<p><a href=\"http:\/\/lafajolle.fr\/wp-content\/uploads\/2021\/10\/resultats-eau-26-oct-21.pdf\"><span style=\"font-family: verdana, geneva, sans-serif;\">R\u00e9sultats analyse contr\u00f4le sanitaire\u00a0<\/span><\/a><\/p>\n<p><span style=\"font-family: verdana, geneva, sans-serif;\">r\u00e9sultats communiqu\u00e9s par l&rsquo;ARS Occitanie (Agence R\u00e9gionale de Sant\u00e9) le 26 octobre 2021<\/span><\/p>\n<p><a href=\"http:\/\/lafajolle.fr\/wp-content\/uploads\/2021\/07\/document-dinformation-communal-sur-le-risques-majeurs-a-L-a-Fajolle.pdf\">document d&rsquo;information communal sur le risques majeurs \u00e0 L a Fajolle<\/a><\/p>\n<p>&nbsp;<\/p>\n<p style=\"font-weight: 400;\">Lors du conseil communautaire du 11 f\u00e9vrier dernier, les \u00e9lus ont vot\u00e9 en faveur de l\u2019adh\u00e9sion \u00e0 l\u2019ADIL (Agence D\u00e9partementale de l\u2019Information sur le Logement de l\u2019Aude). Ce partenariat permet de proposer au public et aux \u00e9lus un conseil juridique, financier et fiscal sur toutes les questions relatives \u00e0 l\u2019habitat et au logement.<\/p>\n<p style=\"font-weight: 400;\">L\u2019ADIL dispose d\u2019un ensemble de comp\u00e9tences et d\u2019outils dont la CCPA et les communes peuvent d\u00e9sormais b\u00e9n\u00e9ficier, afin de nous accompagner dans la mise en place de notre politique de l\u2019habitat, mais \u00e9galement\u00a0<u>renseigner les habitants et les professionnels du territoire pour leurs projets d\u2019habitat ou pour tout probl\u00e8me rencontr\u00e9 relatif \u00e0 l\u2019habitat et au logement<\/u>.<\/p>\n<p style=\"font-weight: 400;\">L\u2019adh\u00e9sion \u00e0 l\u2019ADIL implique la mise \u00e0 disposition des comp\u00e9tences internes de cet organisme (juristes, veille juridique et supports de communication) pour les \u00e9lus et les habitants, dans le cadre des th\u00e9matiques cit\u00e9es ci-dessus :<\/p>\n<p style=\"font-weight: 400;\">\n<strong>Les droits et obligations des locataires et des propri\u00e9taires \/ La copropri\u00e9t\u00e9 \/ Les relations de voisinage \/ La r\u00e9glementation sur la qualit\u00e9 de l\u2019habitat \/ La pr\u00e9vention des expulsions \/ Les rapports locatifs \/ L\u2019accession au logement social \/ Les aides au logement \/ Le financement de l\u2019am\u00e9lioration de l\u2019habitat\u2026<\/strong><strong><br \/>\n<\/strong><br \/>\n4 permanences ouvertes au public, sur RDV, sont pr\u00e9vues sur l\u2019ann\u00e9e, dans le cadre de la convention.\u00a0<\/p>\n<p style=\"font-weight: 400;\"><strong><u>La premi\u00e8re sera assur\u00e9e le vendredi 26 mars de 9h30 \u00e0 12h30 et de 14h \u00e0 17h au CIAS de Quillan\u00a0<\/u><\/strong><u>(2 Rue Anatole France).<\/u><\/p>\n<p><a href=\"http:\/\/lafajolle.fr\/wp-content\/uploads\/2021\/03\/Affiche-permanence-ADIL-modifie.pdf\">Affiche permanence ADIL modifi\u00e9<\/a><\/p>\n<p><a href=\"http:\/\/lafajolle.fr\/wp-content\/uploads\/2021\/03\/Depliant-ADIL-11-2021.pdf\">D\u00e9pliant ADIL 11 &#8211; 2021<\/a><\/p>\n<p>&nbsp;<\/p>\n<p>&nbsp;<\/p>\n<p>&nbsp;<\/p>\n<p>&nbsp;<\/p>\n<p><span style=\"text-decoration: underline;\"><strong><span style=\"font-family: verdana, geneva, sans-serif; font-size: 16px;\">Heure d&rsquo;ouverture du secr\u00e9tariat \u00e0 la mairie : le mercredi de 9h30 \u00e0 17heures.<\/span><\/strong><\/span><\/p>\n<p><span style=\"text-decoration: underline;\"><strong><span style=\"font-family: verdana, geneva, sans-serif; font-size: 16px;\">Secr\u00e9taire de mairie : Madame Mireille Sieurac<\/span><\/strong><\/span><\/p>\n<p><strong><span style=\"font-family: verdana, geneva, sans-serif;\">T\u00e9l\u00e9phone Mairie : 04 68 20 30 81<\/span><\/strong><\/p>\n<p>&nbsp;<\/p>\n","protected":false},"excerpt":{"rendered":"<p>R\u00e9sultats 2i\u00e8me tour \u00e9lections l\u00e9gislatives du 7 juillet 2024 \u00e0 LA FAJOLLE Philippe ANDRIEU 12 Julien RANCOULE 4 &nbsp; R\u00e9sultats 1er tour \u00e9lections l\u00e9gislatives du 30 juin 2024 \u00e0 LA FAJOLLE Jean-Fran\u00e7ois Leclerc, les R\u00e9publicains 1 JulienRancoule, Rassemblement National 4 Philippe Andrieu, Nouveau Front Populaire 11 &nbsp; R\u00e9sultats \u00e9lections europ\u00e9ennes du 9 juin 2024 \u00e0 [&hellip;]<\/p>\n","protected":false},"author":1,"featured_media":0,"parent":0,"menu_order":0,"comment_status":"closed","ping_status":"closed","template":"","meta":{"_crdt_document":"","footnotes":""},"class_list":["post-53","page","type-page","status-publish","hentry"],"_links":{"self":[{"href":"http:\/\/lafajolle.fr\/index.php\/wp-json\/wp\/v2\/pages\/53","targetHints":{"allow":["GET"]}}],"collection":[{"href":"http:\/\/lafajolle.fr\/index.php\/wp-json\/wp\/v2\/pages"}],"about":[{"href":"http:\/\/lafajolle.fr\/index.php\/wp-json\/wp\/v2\/types\/page"}],"author":[{"embeddable":true,"href":"http:\/\/lafajolle.fr\/index.php\/wp-json\/wp\/v2\/users\/1"}],"replies":[{"embeddable":true,"href":"http:\/\/lafajolle.fr\/index.php\/wp-json\/wp\/v2\/comments?post=53"}],"version-history":[{"count":25,"href":"http:\/\/lafajolle.fr\/index.php\/wp-json\/wp\/v2\/pages\/53\/revisions"}],"predecessor-version":[{"id":2352,"href":"http:\/\/lafajolle.fr\/index.php\/wp-json\/wp\/v2\/pages\/53\/revisions\/2352"}],"wp:attachment":[{"href":"http:\/\/lafajolle.fr\/index.php\/wp-json\/wp\/v2\/media?parent=53"}],"curies":[{"name":"wp","href":"https:\/\/api.w.org\/{rel}","templated":true}]}}