{"id":50,"date":"2020-10-08T22:35:36","date_gmt":"2020-10-08T20:35:36","guid":{"rendered":"http:\/\/lafajod.cluster023.hosting.ovh.net\/?page_id=50"},"modified":"2020-11-28T14:51:16","modified_gmt":"2020-11-28T13:51:16","slug":"village-nature","status":"publish","type":"page","link":"http:\/\/lafajolle.fr\/index.php\/village-nature\/","title":{"rendered":"Village nature"},"content":{"rendered":"<p><span style=\"font-family: verdana, geneva, sans-serif;\">Notre commune est lab\u00e9lis\u00e9e \u00ab\u00a0<a href=\"https:\/\/www.ecophyto-pro.fr\/terre_saine\/fiche\/347\/la_fajolle\/n:311\">Terre Saine<\/a>\u00ab\u00a0, \u00e0 ce titre nous devons respecter quelques r\u00e8gles<\/span><\/p>\n<p><span style=\"font-family: verdana, geneva, sans-serif;\">La priorit\u00e9 pour tous est la rivi\u00e8re qui traverse notre village, nous ne devons rien d\u00e9verser qui pourrait nuire \u00e0 son \u00e9quilibre : peinture, dissolvants et autres produits ou mati\u00e8res. De m\u00eame l&rsquo;utilisation de produits phytosanitaires est interdit car les ruissellements am\u00e8nent forc\u00e9ment jusqu&rsquo;au R\u00e9benty. Idem pour toutes les particules de plastique, que ce soit des poches, des morceaux de b\u00e2che, des cotons tiges, pailles&#8230;.<\/span><\/p>\n<p><span style=\"font-family: verdana, geneva, sans-serif;\">Pour nous aider afin de jardiner en respectant nos sols et rivi\u00e8res voici un lien qui vous donnera toutes les informations : <a href=\"https:\/\/www.jardiner-autrement.fr\/\">jardiner autrement<\/a>.<\/span><\/p>\n","protected":false},"excerpt":{"rendered":"<p>Notre commune est lab\u00e9lis\u00e9e \u00ab\u00a0Terre Saine\u00ab\u00a0, \u00e0 ce titre nous devons respecter quelques r\u00e8gles La priorit\u00e9 pour tous est la rivi\u00e8re qui traverse notre village, nous ne devons rien d\u00e9verser qui pourrait nuire \u00e0 son \u00e9quilibre : peinture, dissolvants et autres produits ou mati\u00e8res. De m\u00eame l&rsquo;utilisation de produits phytosanitaires est interdit car les ruissellements [&hellip;]<\/p>\n","protected":false},"author":1,"featured_media":0,"parent":0,"menu_order":0,"comment_status":"closed","ping_status":"closed","template":"","meta":{"_crdt_document":"","footnotes":""},"class_list":["post-50","page","type-page","status-publish","hentry"],"_links":{"self":[{"href":"http:\/\/lafajolle.fr\/index.php\/wp-json\/wp\/v2\/pages\/50","targetHints":{"allow":["GET"]}}],"collection":[{"href":"http:\/\/lafajolle.fr\/index.php\/wp-json\/wp\/v2\/pages"}],"about":[{"href":"http:\/\/lafajolle.fr\/index.php\/wp-json\/wp\/v2\/types\/page"}],"author":[{"embeddable":true,"href":"http:\/\/lafajolle.fr\/index.php\/wp-json\/wp\/v2\/users\/1"}],"replies":[{"embeddable":true,"href":"http:\/\/lafajolle.fr\/index.php\/wp-json\/wp\/v2\/comments?post=50"}],"version-history":[{"count":7,"href":"http:\/\/lafajolle.fr\/index.php\/wp-json\/wp\/v2\/pages\/50\/revisions"}],"predecessor-version":[{"id":668,"href":"http:\/\/lafajolle.fr\/index.php\/wp-json\/wp\/v2\/pages\/50\/revisions\/668"}],"wp:attachment":[{"href":"http:\/\/lafajolle.fr\/index.php\/wp-json\/wp\/v2\/media?parent=50"}],"curies":[{"name":"wp","href":"https:\/\/api.w.org\/{rel}","templated":true}]}}