{"id":1878,"date":"2022-06-01T09:05:26","date_gmt":"2022-06-01T07:05:26","guid":{"rendered":"http:\/\/lafajolle.fr\/?page_id=1878"},"modified":"2022-06-01T09:05:26","modified_gmt":"2022-06-01T07:05:26","slug":"estives-et-patures","status":"publish","type":"page","link":"http:\/\/lafajolle.fr\/index.php\/estives-et-patures\/","title":{"rendered":"Estives et p\u00e2tures"},"content":{"rendered":"<p>&nbsp;<\/p>\n<p>\u00a0\u00a0<img loading=\"lazy\" decoding=\"async\" class=\"alignnone  wp-image-1874\" src=\"http:\/\/lafajolle.fr\/wp-content\/uploads\/2022\/06\/DSC_0549-300x111.jpg\" alt=\"\" width=\"635\" height=\"235\" srcset=\"http:\/\/lafajolle.fr\/wp-content\/uploads\/2022\/06\/DSC_0549-300x111.jpg 300w, http:\/\/lafajolle.fr\/wp-content\/uploads\/2022\/06\/DSC_0549-1024x380.jpg 1024w, http:\/\/lafajolle.fr\/wp-content\/uploads\/2022\/06\/DSC_0549-768x285.jpg 768w, http:\/\/lafajolle.fr\/wp-content\/uploads\/2022\/06\/DSC_0549-1536x570.jpg 1536w, http:\/\/lafajolle.fr\/wp-content\/uploads\/2022\/06\/DSC_0549-2048x760.jpg 2048w, http:\/\/lafajolle.fr\/wp-content\/uploads\/2022\/06\/DSC_0549-900x334.jpg 900w, http:\/\/lafajolle.fr\/wp-content\/uploads\/2022\/06\/DSC_0549-1280x475.jpg 1280w\" sizes=\"auto, (max-width: 635px) 100vw, 635px\" \/><\/p>\n<p><img loading=\"lazy\" decoding=\"async\" class=\"alignnone  wp-image-1875\" src=\"http:\/\/lafajolle.fr\/wp-content\/uploads\/2022\/06\/DSC_0558-300x145.jpg\" alt=\"\" width=\"801\" height=\"387\" srcset=\"http:\/\/lafajolle.fr\/wp-content\/uploads\/2022\/06\/DSC_0558-300x145.jpg 300w, http:\/\/lafajolle.fr\/wp-content\/uploads\/2022\/06\/DSC_0558-1024x495.jpg 1024w, http:\/\/lafajolle.fr\/wp-content\/uploads\/2022\/06\/DSC_0558-768x371.jpg 768w, http:\/\/lafajolle.fr\/wp-content\/uploads\/2022\/06\/DSC_0558-1536x743.jpg 1536w, http:\/\/lafajolle.fr\/wp-content\/uploads\/2022\/06\/DSC_0558-2048x990.jpg 2048w, http:\/\/lafajolle.fr\/wp-content\/uploads\/2022\/06\/DSC_0558-900x435.jpg 900w, http:\/\/lafajolle.fr\/wp-content\/uploads\/2022\/06\/DSC_0558-1280x619.jpg 1280w\" sizes=\"auto, (max-width: 801px) 100vw, 801px\" \/><\/p>\n<p>&nbsp;<\/p>\n<table style=\"border-collapse: collapse; width: 88.922%; height: 575px;\" border=\"1\">\n<tbody>\n<tr>\n<td style=\"width: 100%; border-style: none; background-color: #e8ded8;\">\n<p><span style=\"font-family: verdana, geneva, sans-serif;\">\u00a0\u00a0\u00a0\u00a0\u00a0\u00a0\u00a0\u00a0\u00a0\u00a0\u00a0\u00a0\u00a0\u00a0\u00a0 Il est de ces villages dans le d\u00e9partement de l\u2019Aude, aux confins des Pyr\u00e9n\u00e9es o\u00f9 les animaux donnent parfois des le\u00e7ons d\u2019Amour aux hommes.<\/span><\/p>\n<p><span style=\"font-family: verdana, geneva, sans-serif;\">\u00a0\u00a0\u00a0\u00a0\u00a0\u00a0\u00a0\u00a0\u00a0\u00a0\u00a0 C\u2019est ainsi qu\u2019en l\u2019an de gr\u00e2ce 2022 et plus particuli\u00e8rement le 29 mai les troupeaux de grand plateau et de la vall\u00e9e du R\u00e9benty s\u2019\u00e9taient donn\u00e9s rendez-vous pour rejoindre les vertes p\u00e2tures fajolaises.<\/span><\/p>\n<p><span style=\"font-family: verdana, geneva, sans-serif;\">\u00a0\u00a0\u00a0\u00a0\u00a0\u00a0\u00a0\u00a0\u00a0\u00a0\u00a0 Les troupeaux de Roquefeuil et de Belvis se retrouvaient dans un pr\u00e9 non loin du col d\u2019Uby, celui de Belfort rattraperait lesdits troupeaux en amont aux abords du saut de l\u2019eau. Quelques jours plus tard les bovins de Bouisse et de Saint F\u00e9rriol viendraient grossir encore vaches et veaux venus pat\u00fbrer les vertes vall\u00e9es.<\/span><\/p>\n<p><span style=\"font-family: verdana, geneva, sans-serif;\">\u00a0\u00a0\u00a0\u00a0\u00a0\u00a0\u00a0\u00a0\u00a0\u00a0\u00a0 Parti de Roquefeuil ils eurent t\u00f4t fait de retrouver le chemin qui les conduiraient dans la vall\u00e9e du R\u00e9benty traversant respectivement les villages de M\u00e9rial, les gorges d\u2019Adouxes et La Fajolle.<\/span><\/p>\n<p><span style=\"font-family: verdana, geneva, sans-serif;\">\u00a0\u00a0\u00a0\u00a0\u00a0\u00a0\u00a0\u00a0\u00a0\u00a0\u00a0 A peine pr\u00e8s de deux kilom\u00e8tres effectu\u00e9s, une vache et un veau surpris par une horde de brebis qui avait \u00e9chapp\u00e9 \u00e0 l\u2019enclos qui les ceinturait, se prirent \u00e0 suivre ces ovins dans la for\u00eat s\u2019\u00e9loignant ainsi du gros de la troupe.<\/span><\/p>\n<p><span style=\"font-family: verdana, geneva, sans-serif;\">\u00a0\u00a0\u00a0\u00a0\u00a0\u00a0\u00a0\u00a0\u00a0\u00a0\u00a0 Malgr\u00e9 les efforts de leurs propri\u00e9taires, les appels r\u00e9p\u00e9t\u00e9s furent vains et il fallut bien se rendre \u00e0 l\u2019\u00e9vidence, ces deux bestiaux d\u00e9sob\u00e9issants, n\u2019int\u00e9greraient pas le troupeau.<\/span><\/p>\n<p><span style=\"font-family: verdana, geneva, sans-serif;\">\u00a0\u00a0\u00a0\u00a0\u00a0\u00a0\u00a0\u00a0\u00a0\u00a0\u00a0 Suivant la gente bovine, bon nombre de p\u00e8lerins qui suivait s\u2019\u00e9murent du calme dont faisait preuve les \u00e9leveurs. Il faut dire qu\u2019ils \u00e9taient confiants en leur b\u00eate. Et attendez, vous allez voir la suite\u2026<\/span><\/p>\n<p><span style=\"font-family: verdana, geneva, sans-serif;\">\u00a0\u00a0\u00a0\u00a0\u00a0\u00a0\u00a0\u00a0\u00a0\u00a0\u00a0 D\u00e8s la vespr\u00e9e, le village de La Fajolle fut surpris d\u2019entendre la clarine d\u2019une vache traversant le bourg d\u2019un pas rapide et d\u00e9sinvolte. Les questions se posaient pour savoir qu\u2019elle id\u00e9e avait ce bovin pour r\u00e9aliser d\u00e9j\u00e0 le voyage retour\u00a0?<\/span><\/p>\n<p><span style=\"font-family: verdana, geneva, sans-serif;\">\u00a0\u00a0\u00a0\u00a0\u00a0\u00a0\u00a0\u00a0\u00a0\u00a0\u00a0 Une nuit r\u00e9paratrice plus tard, les suiveurs de troupeau entendirent \u00e0 nouveau le son cristallin non pas d\u2019une vache, mais de deux vaches et un petit veau qui rejoignaient les p\u00e2tures.<\/span><\/p>\n<p><span style=\"font-family: verdana, geneva, sans-serif;\">\u00a0\u00a0\u00a0\u00a0\u00a0\u00a0\u00a0\u00a0\u00a0\u00a0\u00a0 Renseignements pris aupr\u00e8s des autorit\u00e9s comp\u00e9tentes, en l\u2019occurrence du P\u00e2tre qui ne se priva pas d\u2019expliquer d\u2019un ton un peu narquois que la vache qui \u00e9tait descendue la veille n\u2019\u00e9tait autre que la maman du petit veau qui l\u2019avait rejoint dans la nuit et s\u2019\u00e9tait couch\u00e9e en attendant que les hommes ouvrent les cl\u00f4tures. En effet, lorsqu\u2019une vache est s\u00e9par\u00e9e de son veau ou vice-versa l\u2019un des deux animaux revient toujours \u00e0 l\u2019endroit o\u00f9 il vient de t\u00e9ter et ainsi la m\u00e8re rejoint son fils ou sa fille.<\/span><\/p>\n<p><span style=\"font-family: verdana, geneva, sans-serif;\">\u00a0\u00a0\u00a0\u00a0\u00a0\u00a0\u00a0\u00a0\u00a0\u00a0\u00a0 Profitant de cette belle aubaine l\u2019autre vache emboita le pas de nos deux h\u00e9ro\u00efnes pour rejoindre leurs comparses dans les prairies d\u2019altitude.<\/span><\/p>\n<p><span style=\"font-family: verdana, geneva, sans-serif;\">\u00a0\u00a0\u00a0\u00a0\u00a0\u00a0\u00a0\u00a0\u00a0\u00a0\u00a0 Tout est bien qui finit bien selon le proverbe.<\/span><\/p>\n<p style=\"text-align: center;\"><span style=\"font-family: verdana, geneva, sans-serif;\">\u00a0\u00a0\u00a0\u00a0\u00a0\u00a0\u00a0\u00a0\u00a0\u00a0\u00a0 Ric e rac mon conte es acabat\u00a0!<\/span><\/p>\n<\/td>\n<\/tr>\n<\/tbody>\n<\/table>\n<p>&nbsp;<\/p>\n<p><img loading=\"lazy\" decoding=\"async\" class=\"alignnone  wp-image-1876\" src=\"http:\/\/lafajolle.fr\/wp-content\/uploads\/2022\/06\/DSC_0592-300x201.jpg\" alt=\"\" width=\"1794\" height=\"1202\" srcset=\"http:\/\/lafajolle.fr\/wp-content\/uploads\/2022\/06\/DSC_0592-300x201.jpg 300w, http:\/\/lafajolle.fr\/wp-content\/uploads\/2022\/06\/DSC_0592-1024x685.jpg 1024w, http:\/\/lafajolle.fr\/wp-content\/uploads\/2022\/06\/DSC_0592-768x514.jpg 768w, http:\/\/lafajolle.fr\/wp-content\/uploads\/2022\/06\/DSC_0592-1536x1028.jpg 1536w, http:\/\/lafajolle.fr\/wp-content\/uploads\/2022\/06\/DSC_0592-900x602.jpg 900w\" sizes=\"auto, (max-width: 1794px) 100vw, 1794px\" \/><\/p>\n","protected":false},"excerpt":{"rendered":"<p>&nbsp; \u00a0\u00a0 &nbsp; \u00a0\u00a0\u00a0\u00a0\u00a0\u00a0\u00a0\u00a0\u00a0\u00a0\u00a0\u00a0\u00a0\u00a0\u00a0 Il est de ces villages dans le d\u00e9partement de l\u2019Aude, aux confins des Pyr\u00e9n\u00e9es o\u00f9 les animaux donnent parfois des le\u00e7ons d\u2019Amour aux hommes. \u00a0\u00a0\u00a0\u00a0\u00a0\u00a0\u00a0\u00a0\u00a0\u00a0\u00a0 C\u2019est ainsi qu\u2019en l\u2019an de gr\u00e2ce 2022 et plus particuli\u00e8rement le 29 mai les troupeaux de grand plateau et de la vall\u00e9e du R\u00e9benty s\u2019\u00e9taient donn\u00e9s [&hellip;]<\/p>\n","protected":false},"author":1,"featured_media":0,"parent":0,"menu_order":0,"comment_status":"closed","ping_status":"closed","template":"","meta":{"_crdt_document":"","footnotes":""},"class_list":["post-1878","page","type-page","status-publish","hentry"],"_links":{"self":[{"href":"http:\/\/lafajolle.fr\/index.php\/wp-json\/wp\/v2\/pages\/1878","targetHints":{"allow":["GET"]}}],"collection":[{"href":"http:\/\/lafajolle.fr\/index.php\/wp-json\/wp\/v2\/pages"}],"about":[{"href":"http:\/\/lafajolle.fr\/index.php\/wp-json\/wp\/v2\/types\/page"}],"author":[{"embeddable":true,"href":"http:\/\/lafajolle.fr\/index.php\/wp-json\/wp\/v2\/users\/1"}],"replies":[{"embeddable":true,"href":"http:\/\/lafajolle.fr\/index.php\/wp-json\/wp\/v2\/comments?post=1878"}],"version-history":[{"count":3,"href":"http:\/\/lafajolle.fr\/index.php\/wp-json\/wp\/v2\/pages\/1878\/revisions"}],"predecessor-version":[{"id":2034,"href":"http:\/\/lafajolle.fr\/index.php\/wp-json\/wp\/v2\/pages\/1878\/revisions\/2034"}],"wp:attachment":[{"href":"http:\/\/lafajolle.fr\/index.php\/wp-json\/wp\/v2\/media?parent=1878"}],"curies":[{"name":"wp","href":"https:\/\/api.w.org\/{rel}","templated":true}]}}